{"id":15326,"date":"2023-06-29T11:56:52","date_gmt":"2023-06-29T18:56:52","guid":{"rendered":"https:\/\/sbefoundation.org\/becas-estudiantiles\/"},"modified":"2024-05-22T21:36:46","modified_gmt":"2024-05-23T04:36:46","slug":"becas-estudiantiles","status":"publish","type":"page","link":"https:\/\/sbef.m4idev5.com\/es\/becas-estudiantiles\/","title":{"rendered":"Becas Estudiantiles"},"content":{"rendered":"<p>[vc_row type=&#8221;full_width_background&#8221; full_screen_row_position=&#8221;middle&#8221; column_margin=&#8221;default&#8221; equal_height=&#8221;yes&#8221; content_placement=&#8221;middle&#8221; column_direction=&#8221;default&#8221; column_direction_tablet=&#8221;default&#8221; column_direction_phone=&#8221;default&#8221; bg_color=&#8221;#000000&#8243; bg_image=&#8221;14770&#8243; bg_position=&#8221;center center&#8221; background_image_loading=&#8221;default&#8221; bg_repeat=&#8221;no-repeat&#8221; scene_position=&#8221;center&#8221; top_padding=&#8221;4%&#8221; bottom_padding=&#8221;2%&#8221; text_color=&#8221;light&#8221; text_align=&#8221;left&#8221; row_border_radius=&#8221;none&#8221; row_border_radius_applies=&#8221;bg&#8221; overflow=&#8221;visible&#8221; enable_gradient=&#8221;true&#8221; color_overlay=&#8221;#000000&#8243; color_overlay_2=&#8221;rgba(2,2,2,0.5)&#8221; overlay_strength=&#8221;0.95&#8243; gradient_direction=&#8221;top_to_bottom&#8221; shape_divider_position=&#8221;bottom&#8221; bg_image_animation=&#8221;none&#8221; shape_type=&#8221;&#8221; gradient_type=&#8221;default&#8221;][vc_column column_padding=&#8221;no-extra-padding&#8221; column_padding_tablet=&#8221;inherit&#8221; column_padding_phone=&#8221;inherit&#8221; column_padding_position=&#8221;all&#8221; column_element_direction_desktop=&#8221;default&#8221; column_element_spacing=&#8221;default&#8221; centered_text=&#8221;true&#8221; desktop_text_alignment=&#8221;default&#8221; tablet_text_alignment=&#8221;default&#8221; phone_text_alignment=&#8221;default&#8221; background_color_opacity=&#8221;1&#8243; background_hover_color_opacity=&#8221;1&#8243; video_bg=&#8221;use_video&#8221; background_video_loading=&#8221;default&#8221; column_backdrop_filter=&#8221;none&#8221; column_shadow=&#8221;none&#8221; column_border_radius=&#8221;none&#8221; column_link_target=&#8221;_self&#8221; column_position=&#8221;default&#8221; gradient_direction=&#8221;left_to_right&#8221; overlay_strength=&#8221;0.3&#8243; width=&#8221;1\/1&#8243; tablet_width_inherit=&#8221;default&#8221; animation_type=&#8221;default&#8221; bg_image_animation=&#8221;none&#8221; border_type=&#8221;simple&#8221; column_border_width=&#8221;none&#8221; column_border_style=&#8221;solid&#8221; column_padding_type=&#8221;default&#8221; gradient_type=&#8221;default&#8221;][divider line_type=&#8221;No Line&#8221; custom_height=&#8221;60&#8243;][vc_column_text]<br \/>\n<b>Santa Barbara Education Foundation (Fundaci\u00f3n de Educaci\u00f3n de Santa B\u00e1rbara) est\u00e1 otorgando hasta $5000 a individuos y grupos de estudiantes en los grados 9-11 para proyectos gestionados por estudiantes que enriquezcan el desarrollo acad\u00e9mico, art\u00edstico y\/o personal de los estudiantes en el Distrito Escolar Unificado de Santa B\u00e1rbara.<\/b><br \/>\n[\/vc_column_text][divider line_type=&#8221;No Line&#8221; custom_height=&#8221;60&#8243;][nectar_btn size=&#8221;jumbo&#8221; open_new_tab=&#8221;true&#8221; button_style=&#8221;regular&#8221; button_color_2=&#8221;Accent-Color&#8221; icon_family=&#8221;none&#8221; text=&#8221;Aplicaciones CERRADAS hasta el 2025&#8243; url=&#8221;https:\/\/santabarbaraeducationfoundation.submittable.com\/submit&#8221;][divider line_type=&#8221;No Line&#8221; custom_height=&#8221;60&#8243;][\/vc_column][\/vc_row][vc_row type=&#8221;in_container&#8221; full_screen_row_position=&#8221;middle&#8221; column_margin=&#8221;default&#8221; column_direction=&#8221;default&#8221; column_direction_tablet=&#8221;default&#8221; column_direction_phone=&#8221;default&#8221; scene_position=&#8221;center&#8221; text_color=&#8221;dark&#8221; text_align=&#8221;left&#8221; row_border_radius=&#8221;none&#8221; row_border_radius_applies=&#8221;bg&#8221; overflow=&#8221;visible&#8221; overlay_strength=&#8221;0.3&#8243; gradient_direction=&#8221;left_to_right&#8221; shape_divider_position=&#8221;bottom&#8221; bg_image_animation=&#8221;none&#8221;][vc_column column_padding=&#8221;no-extra-padding&#8221; column_padding_tablet=&#8221;inherit&#8221; column_padding_phone=&#8221;inherit&#8221; column_padding_position=&#8221;all&#8221; column_element_direction_desktop=&#8221;default&#8221; column_element_spacing=&#8221;default&#8221; desktop_text_alignment=&#8221;default&#8221; tablet_text_alignment=&#8221;default&#8221; phone_text_alignment=&#8221;default&#8221; background_color_opacity=&#8221;1&#8243; background_hover_color_opacity=&#8221;1&#8243; column_backdrop_filter=&#8221;none&#8221; column_shadow=&#8221;none&#8221; column_border_radius=&#8221;none&#8221; column_link_target=&#8221;_self&#8221; column_position=&#8221;default&#8221; gradient_direction=&#8221;left_to_right&#8221; overlay_strength=&#8221;0.3&#8243; width=&#8221;1\/1&#8243; tablet_width_inherit=&#8221;default&#8221; animation_type=&#8221;default&#8221; bg_image_animation=&#8221;none&#8221; border_type=&#8221;simple&#8221; column_border_width=&#8221;none&#8221; column_border_style=&#8221;solid&#8221;][divider line_type=&#8221;No Line&#8221; custom_height=&#8221;60&#8243;][vc_column_text css=&#8221;&#8221; text_direction=&#8221;default&#8221;]<\/p>\n<h3 style=\"text-align: center;\">Becadxs del 2024<\/h3>\n<p style=\"text-align: center;\"><strong>Madison Weber<\/strong>, &#8220;San Marcos High School Fall Play 2024&#8221;<br \/>\n<strong>Marielle Janigan<\/strong>, &#8220;CS Academy Leadership Club Welcoming Project&#8221;<br \/>\n<strong>Amani Dewar<\/strong>, &#8220;SBHS Mock Trial Team&#8221;<br \/>\n<strong>Ofelia Jarabo<\/strong>, &#8220;Folklorico Club&#8221;<br \/>\n<strong>Darlene Ngo<\/strong>, &#8220;State of the Art Camera&#8221;<br \/>\n<strong>Aurora Ivanova<\/strong>, &#8220;Kings Page Photography&#8221;<br \/>\n<strong>Mariah Ramos<\/strong>, &#8220;Class of 2025 Senior Sunrise&#8221;<br \/>\n<strong>Miranda Benitez<\/strong>, &#8220;CricutCut Class: Hall of Names Project&#8221;<br \/>\n<strong>Eddie Vu<\/strong>, &#8220;Santa Barbara City College Chess Club&#8221;<br \/>\n<strong>Sofia Elena Lara<\/strong>, &#8220;Fall Empire Tournament&#8221;<br \/>\n<strong>Chelsea Miao<\/strong>, &#8220;SMHS GSA Zine&#8221;<br \/>\n<strong>Margo Carmean<\/strong>, &#8220;The SBHS 2024 Student Directed Play&#8221;<br \/>\n<strong>Sagarika Manian<\/strong>, &#8220;ProgramHERS Elementary STEM Workshops&#8221;<br \/>\n<strong>Siri Jacobs<\/strong>, &#8220;SBHS Library Advisory Board&#8221;<br \/>\n<strong>Miles Moore<\/strong>, &#8220;Inclusive School Spirit&#8221;<br \/>\n<strong>Gabrielle Weathers<\/strong>, &#8220;Makers Club Fix It Project&#8221;<br \/>\n<strong>Jessica Avila-Ruiz<\/strong>, &#8220;Campus Recycling Cans&#8221;<\/p>\n<p>[\/vc_column_text][\/vc_column][\/vc_row][vc_row type=&#8221;in_container&#8221; full_screen_row_position=&#8221;middle&#8221; column_margin=&#8221;default&#8221; column_direction=&#8221;default&#8221; column_direction_tablet=&#8221;default&#8221; column_direction_phone=&#8221;default&#8221; scene_position=&#8221;center&#8221; text_color=&#8221;dark&#8221; text_align=&#8221;left&#8221; row_border_radius=&#8221;none&#8221; row_border_radius_applies=&#8221;bg&#8221; overflow=&#8221;visible&#8221; overlay_strength=&#8221;0.3&#8243; gradient_direction=&#8221;left_to_right&#8221; shape_divider_position=&#8221;bottom&#8221; bg_image_animation=&#8221;none&#8221; gradient_type=&#8221;default&#8221; shape_type=&#8221;&#8221;][vc_column column_padding=&#8221;no-extra-padding&#8221; column_padding_tablet=&#8221;inherit&#8221; column_padding_phone=&#8221;inherit&#8221; column_padding_position=&#8221;all&#8221; column_element_direction_desktop=&#8221;default&#8221; column_element_spacing=&#8221;default&#8221; desktop_text_alignment=&#8221;default&#8221; tablet_text_alignment=&#8221;default&#8221; phone_text_alignment=&#8221;default&#8221; background_color_opacity=&#8221;1&#8243; background_hover_color_opacity=&#8221;1&#8243; column_backdrop_filter=&#8221;none&#8221; column_shadow=&#8221;none&#8221; column_border_radius=&#8221;none&#8221; column_link_target=&#8221;_self&#8221; column_position=&#8221;default&#8221; gradient_direction=&#8221;left_to_right&#8221; overlay_strength=&#8221;0.3&#8243; width=&#8221;1\/1&#8243; tablet_width_inherit=&#8221;default&#8221; animation_type=&#8221;default&#8221; bg_image_animation=&#8221;none&#8221; border_type=&#8221;simple&#8221; column_border_width=&#8221;none&#8221; column_border_style=&#8221;solid&#8221; column_padding_type=&#8221;default&#8221; gradient_type=&#8221;default&#8221;][divider line_type=&#8221;No Line&#8221; custom_height=&#8221;60&#8243;][vc_column_text css=&#8221;&#8221; text_direction=&#8221;default&#8221;]<br \/>\n<strong>C\u00f3mo utilizar su subvenci\u00f3n:\u00a0 \u00a0 \u00a0 \u00a0 \u00a0 \u00a0 \u00a0 \u00a0 \u00a0 \u00a0 \u00a0 \u00a0 \u00a0 \u00a0 \u00a0 \u00a0 \u00a0 \u00a0<\/strong><\/p>\n<ol>\n<li>Vuelve a consultar con tu patrocinador sobre los suministros que deben comprarse.<\/li>\n<li>Puedes enviar enlaces de los materiales que necesitan ser comprados a Elle Chaves en <span \n                data-original-string='w12TbDJXZJyJe7aYIifUdA==8aeLh9oTiSsA6y3ybPTjvq2o\/XtmnW0Q879fg3E\/pqy4kc='\n                class='apbct-email-encoder'\n                title='Este contacto ha sido codificado por Anti-Spam by CleanTalk. Haz clic para decodificar. Para finalizar la decodificaci\u00f3n, aseg\u00farate de que JavaScript est\u00e1 activado en tu navegador.'>el<span class=\"apbct-blur\">**<\/span>@<span class=\"apbct-blur\">*******************<\/span>on.org<\/span>, O tu patrocinador puede presentar los recibos junto con un formulario de reembolso y el formulario de dep\u00f3sito directo a Elle Chaves para ser reembolsado. Puedes encontrar los formularios haciendo clic en el bot\u00f3n &#8220;Formularios de reembolso AQU\u00cd&#8221; m\u00e1s abajo. <strong>Los materiales NO PUEDEN ser comprados por los estudiantes personalmente.<\/strong>\n<ol>\n<li>Por ejemplo, podr\u00edas enviar un enlace de los materiales a trav\u00e9s de Amazon para ser comprados por\u00a0 SBEF directamente. Si los materiales deben ser comprados en persona en una tienda, tu patrocinador debe guardar sus recibos y luego enviar fotos para ser reembolsado. Los suministros no deben ser comprados por los estudiantes.<\/li>\n<\/ol>\n<\/li>\n<li>Los fondos deben agotarse antes del 1 de diciembre. Eso significa que tienes, desde principios de mayo de 2024 hasta el 1 de diciembre de 2024, para comprar todo para tu proyecto. Los fondos que no utilices se los quedar\u00e1 SBEF.<\/li>\n<li>\u00a1Asiste a la Ceremonia de Entrega de Becas para Estudiantes en enero de 2025!<\/li>\n<\/ol>\n<p>[\/vc_column_text][nectar_btn size=&#8221;jumbo&#8221; button_style=&#8221;regular&#8221; button_color_2=&#8221;Accent-Color&#8221; icon_family=&#8221;none&#8221; text=&#8221;Formularios de reembolso AQU\u00cd&#8221; url=&#8221;https:\/\/drive.google.com\/drive\/folders\/1cMNIjbz3uITwOqv9jwOsakvUyvKdjumF?usp=sharing&#8221; margin_left=&#8221;0&#8243;][divider line_type=&#8221;No Line&#8221; custom_height=&#8221;60&#8243;][vc_column_text css=&#8221;&#8221; text_direction=&#8221;default&#8221;]<br \/>\n<strong>Directrices:<\/strong><\/p>\n<ul>\n<li>Los presupuestos de los proyectos no deben superar los $500 d\u00f3lares<\/li>\n<li>Estudiantes individuales o grupos de estudiantes pueden aplicar<\/li>\n<li>Cada estudiante o grupo solicitante <strong>debe<\/strong> trabajar con un &#8220;Patrocinador&#8221; &#8211; un miembro del personal del Distrito Escolar Unificado de Santa B\u00e1rbara (maestro, administrador, etc.) Los suministros tendr\u00e1n que ser comprados por ese patrocinador (ver &#8220;C\u00f3mo utilizar su subvenci\u00f3n\/beca&#8221; a continuaci\u00f3n para obtener m\u00e1s informaci\u00f3n acerca de lo que implica ser un patrocinador)<\/li>\n<li>Las solicitudes <strong>deben<\/strong> ser aprobadas por un administrador de la escuela y ser\u00e1n verificadas por SBEF. Antes de presentar la solicitud, pide a un administrador de la escuela (como el director, el vice-director o el decano de estudiantes) que apruebe tu proyecto. Anota tu informaci\u00f3n de contacto para a\u00f1adirla a tu solicitud. <strong>Las solicitudes que no puedan ser verificadas como aprobadas por un administrador de la escuela no ser\u00e1n consideradas.<\/strong><\/li>\n<li>No existe un requisito de promedio acad\u00e9mico, pero los estudiantes <strong>deben<\/strong> estar cursando entre 9\u00ba y 11\u00ba grado en el momento de presentar la solicitud. <strong>No se tendr\u00e1n en cuenta las solicitudes de alumnos de 12\u00ba curso, ya que se habr\u00e1n graduado cuando se pongan a disposici\u00f3n los fondos.<\/strong><\/li>\n<li>En general, intentamos financiar el mayor n\u00famero posible de subvenciones que se ajusten a nuestras directrices y tambi\u00e9n podemos conceder subvenciones parciales.<\/li>\n<li>Invitamos (y animamos) a los nuevos clubes o proyectos a que presenten su solicitud.<\/li>\n<\/ul>\n<p><strong>Qu\u00e9 financiamos:<\/strong><\/p>\n<ul>\n<li>Suministros para clubes escolares. Algunos ejemplos de suministros que hemos financiado anteriormente son:\n<ul>\n<li>Camisetas que se utilizar\u00e1n para recaudar fondos para un club de estudiantes.<\/li>\n<li>Materiales art\u00edsticos para un club de estudiantes o un proyecto de muralismo.<\/li>\n<li>Tecnolog\u00eda, como equipos fotogr\u00e1ficos, software innovador, etc.<\/li>\n<li>Materiales para apoyar el trabajo filantr\u00f3pico realizado por los estudiantes en nombre de otra organizaci\u00f3n sin fines de lucro.<\/li>\n<\/ul>\n<\/li>\n<li>Se dar\u00e1 prioridad a las solicitudes de subvenci\u00f3n que afecten a varios estudiantes y a los suministros que puedan seguir utiliz\u00e1ndose durante varios a\u00f1os.<\/li>\n<li>Los nuevos clubes o proyectos que deseas establecer son bienvenidos (y te animamos) a presentar tu solicitud.<\/li>\n<\/ul>\n<p><strong>Ejemplos de cosas que no financiamos:<\/strong><\/p>\n<ul>\n<li>Subvenciones m\u00faltiples de la misma organizaci\u00f3n o club<\/li>\n<li>Instrumentos musicales para estudiantes individuales<\/li>\n<li>Material escolar o tecnolog\u00eda para estudiantes individuales<\/li>\n<li>Becas para asistir a la universidad despu\u00e9s del graduarse de la escuela preparatoria<\/li>\n<li>Jardines dentro de las escuelas o iniciativas que requieran nuevos suministros cada a\u00f1o para su mantenimiento.<\/li>\n<li>Salarios (por ejemplo, para actores en un proyecto cinematogr\u00e1fico, artistas para un proyecto de murales, etc.)<\/li>\n<\/ul>\n<p>&nbsp;<br \/>\n[\/vc_column_text][divider line_type=&#8221;No Line&#8221; custom_height=&#8221;60&#8243;][nectar_btn size=&#8221;jumbo&#8221; button_style=&#8221;regular&#8221; button_color_2=&#8221;Accent-Color&#8221; icon_family=&#8221;none&#8221; text=&#8221;Un ejemple de una buena aplicaci\u00f3n&#8221; url=&#8221;https:\/\/drive.google.com\/drive\/folders\/1-bX7jbzvrcx9hUixNTJAeoF817WXYYf4?usp=sharing&#8221;][\/vc_column][\/vc_row][vc_row type=&#8221;in_container&#8221; full_screen_row_position=&#8221;middle&#8221; column_margin=&#8221;default&#8221; column_direction=&#8221;default&#8221; column_direction_tablet=&#8221;default&#8221; column_direction_phone=&#8221;default&#8221; scene_position=&#8221;center&#8221; text_color=&#8221;dark&#8221; text_align=&#8221;left&#8221; row_border_radius=&#8221;none&#8221; row_border_radius_applies=&#8221;bg&#8221; overflow=&#8221;visible&#8221; overlay_strength=&#8221;0.3&#8243; gradient_direction=&#8221;left_to_right&#8221; shape_divider_position=&#8221;bottom&#8221; bg_image_animation=&#8221;none&#8221; gradient_type=&#8221;default&#8221; shape_type=&#8221;&#8221;][vc_column column_padding=&#8221;no-extra-padding&#8221; column_padding_tablet=&#8221;inherit&#8221; column_padding_phone=&#8221;inherit&#8221; column_padding_position=&#8221;all&#8221; column_element_direction_desktop=&#8221;default&#8221; column_element_spacing=&#8221;default&#8221; desktop_text_alignment=&#8221;default&#8221; tablet_text_alignment=&#8221;default&#8221; phone_text_alignment=&#8221;default&#8221; background_color_opacity=&#8221;1&#8243; background_hover_color_opacity=&#8221;1&#8243; column_backdrop_filter=&#8221;none&#8221; column_shadow=&#8221;none&#8221; column_border_radius=&#8221;none&#8221; column_link_target=&#8221;_self&#8221; column_position=&#8221;default&#8221; gradient_direction=&#8221;left_to_right&#8221; overlay_strength=&#8221;0.3&#8243; width=&#8221;1\/1&#8243; tablet_width_inherit=&#8221;default&#8221; animation_type=&#8221;default&#8221; bg_image_animation=&#8221;none&#8221; border_type=&#8221;simple&#8221; column_border_width=&#8221;none&#8221; column_border_style=&#8221;solid&#8221; column_padding_type=&#8221;default&#8221; gradient_type=&#8221;default&#8221;][divider line_type=&#8221;No Line&#8221; custom_height=&#8221;60&#8243;][\/vc_column][\/vc_row][vc_row type=&#8221;in_container&#8221; full_screen_row_position=&#8221;middle&#8221; column_margin=&#8221;default&#8221; column_direction=&#8221;default&#8221; column_direction_tablet=&#8221;default&#8221; column_direction_phone=&#8221;default&#8221; scene_position=&#8221;center&#8221; text_color=&#8221;dark&#8221; text_align=&#8221;left&#8221; row_border_radius=&#8221;none&#8221; row_border_radius_applies=&#8221;bg&#8221; overflow=&#8221;visible&#8221; overlay_strength=&#8221;0.3&#8243; gradient_direction=&#8221;left_to_right&#8221; shape_divider_position=&#8221;bottom&#8221; bg_image_animation=&#8221;none&#8221;][vc_column column_padding=&#8221;no-extra-padding&#8221; column_padding_tablet=&#8221;inherit&#8221; column_padding_phone=&#8221;inherit&#8221; column_padding_position=&#8221;all&#8221; column_element_direction_desktop=&#8221;default&#8221; column_element_spacing=&#8221;default&#8221; centered_text=&#8221;true&#8221; desktop_text_alignment=&#8221;default&#8221; tablet_text_alignment=&#8221;default&#8221; phone_text_alignment=&#8221;default&#8221; background_color_opacity=&#8221;1&#8243; background_hover_color_opacity=&#8221;1&#8243; column_backdrop_filter=&#8221;none&#8221; column_shadow=&#8221;none&#8221; column_border_radius=&#8221;none&#8221; column_link_target=&#8221;_self&#8221; column_position=&#8221;default&#8221; gradient_direction=&#8221;left_to_right&#8221; overlay_strength=&#8221;0.3&#8243; width=&#8221;1\/1&#8243; tablet_width_inherit=&#8221;default&#8221; animation_type=&#8221;default&#8221; bg_image_animation=&#8221;none&#8221; border_type=&#8221;simple&#8221; column_border_width=&#8221;none&#8221; column_border_style=&#8221;solid&#8221; column_padding_type=&#8221;default&#8221; gradient_type=&#8221;default&#8221;][vc_gallery type=&#8221;flexslider_style&#8221; images=&#8221;16070,16072,16068,16074,16066,16076,16093&#8243; onclick=&#8221;link_no&#8221;][\/vc_column][\/vc_row][vc_row type=&#8221;in_container&#8221; full_screen_row_position=&#8221;middle&#8221; column_margin=&#8221;default&#8221; column_direction=&#8221;default&#8221; column_direction_tablet=&#8221;default&#8221; column_direction_phone=&#8221;default&#8221; scene_position=&#8221;center&#8221; text_color=&#8221;dark&#8221; text_align=&#8221;left&#8221; row_border_radius=&#8221;none&#8221; row_border_radius_applies=&#8221;bg&#8221; overflow=&#8221;visible&#8221; overlay_strength=&#8221;0.3&#8243; gradient_direction=&#8221;left_to_right&#8221; shape_divider_position=&#8221;bottom&#8221; bg_image_animation=&#8221;none&#8221;][vc_column column_padding=&#8221;no-extra-padding&#8221; column_padding_tablet=&#8221;inherit&#8221; column_padding_phone=&#8221;inherit&#8221; column_padding_position=&#8221;all&#8221; column_element_direction_desktop=&#8221;default&#8221; column_element_spacing=&#8221;default&#8221; desktop_text_alignment=&#8221;default&#8221; tablet_text_alignment=&#8221;default&#8221; phone_text_alignment=&#8221;default&#8221; background_color_opacity=&#8221;1&#8243; background_hover_color_opacity=&#8221;1&#8243; column_backdrop_filter=&#8221;none&#8221; column_shadow=&#8221;none&#8221; column_border_radius=&#8221;none&#8221; column_link_target=&#8221;_self&#8221; column_position=&#8221;default&#8221; gradient_direction=&#8221;left_to_right&#8221; overlay_strength=&#8221;0.3&#8243; width=&#8221;1\/1&#8243; tablet_width_inherit=&#8221;default&#8221; animation_type=&#8221;default&#8221; bg_image_animation=&#8221;none&#8221; border_type=&#8221;simple&#8221; column_border_width=&#8221;none&#8221; column_border_style=&#8221;solid&#8221;][\/vc_column][\/vc_row]<\/p>\n","protected":false},"excerpt":{"rendered":"<p>[vc_row type=&#8221;full_width_background&#8221; full_screen_row_position=&#8221;middle&#8221; column_margin=&#8221;default&#8221; equal_height=&#8221;yes&#8221; content_placement=&#8221;middle&#8221; column_direction=&#8221;default&#8221; column_direction_tablet=&#8221;default&#8221; column_direction_phone=&#8221;default&#8221; bg_color=&#8221;#000000&#8243;  [&#8230;]<\/p>\n","protected":false},"author":2,"featured_media":0,"parent":0,"menu_order":0,"comment_status":"closed","ping_status":"closed","template":"","meta":{"inline_featured_image":false,"_price":"","_stock":"","_tribe_ticket_header":"","_tribe_default_ticket_provider":"TEC\\Tickets\\Commerce\\Module","_ticket_start_date":"","_ticket_end_date":"","_tribe_ticket_show_description":"","_tribe_ticket_show_not_going":false,"_tribe_ticket_use_global_stock":"","_tribe_ticket_global_stock_level":"","_global_stock_mode":"","_global_stock_cap":"","_tribe_rsvp_for_event":"","_tribe_ticket_going_count":"","_tribe_ticket_not_going_count":"","_tribe_tickets_list":"[]","_tribe_ticket_has_attendee_info_fields":false,"footnotes":"","_tec_slr_enabled":"","_tec_slr_layout":""},"class_list":["post-15326","page","type-page","status-publish","hentry"],"ticketed":false,"_links":{"self":[{"href":"https:\/\/sbef.m4idev5.com\/es\/wp-json\/wp\/v2\/pages\/15326","targetHints":{"allow":["GET"]}}],"collection":[{"href":"https:\/\/sbef.m4idev5.com\/es\/wp-json\/wp\/v2\/pages"}],"about":[{"href":"https:\/\/sbef.m4idev5.com\/es\/wp-json\/wp\/v2\/types\/page"}],"author":[{"embeddable":true,"href":"https:\/\/sbef.m4idev5.com\/es\/wp-json\/wp\/v2\/users\/2"}],"replies":[{"embeddable":true,"href":"https:\/\/sbef.m4idev5.com\/es\/wp-json\/wp\/v2\/comments?post=15326"}],"version-history":[{"count":12,"href":"https:\/\/sbef.m4idev5.com\/es\/wp-json\/wp\/v2\/pages\/15326\/revisions"}],"predecessor-version":[{"id":16805,"href":"https:\/\/sbef.m4idev5.com\/es\/wp-json\/wp\/v2\/pages\/15326\/revisions\/16805"}],"wp:attachment":[{"href":"https:\/\/sbef.m4idev5.com\/es\/wp-json\/wp\/v2\/media?parent=15326"}],"curies":[{"name":"wp","href":"https:\/\/api.w.org\/{rel}","templated":true}]}}