{"id":12907,"date":"2021-12-14T07:28:04","date_gmt":"2021-12-14T07:28:04","guid":{"rendered":"https:\/\/sbefoundation.org\/deja-un-legado-a-la-educacion-publica\/"},"modified":"2021-12-14T07:32:42","modified_gmt":"2021-12-14T07:32:42","slug":"deja-un-legado-a-la-educacion-publica","status":"publish","type":"page","link":"https:\/\/sbef.m4idev5.com\/es\/deja-un-legado-a-la-educacion-publica\/","title":{"rendered":"\u00a1Deja un legado a la educaci\u00f3n p\u00fablica!"},"content":{"rendered":"<p>[vc_row type=&#8221;in_container&#8221; full_screen_row_position=&#8221;middle&#8221; scene_position=&#8221;center&#8221; text_color=&#8221;dark&#8221; text_align=&#8221;left&#8221; overlay_strength=&#8221;0.3&#8243; shape_divider_position=&#8221;bottom&#8221;][vc_column column_padding=&#8221;no-extra-padding&#8221; column_padding_position=&#8221;all&#8221; background_color_opacity=&#8221;1&#8243; background_hover_color_opacity=&#8221;1&#8243; column_link_target=&#8221;_self&#8221; column_shadow=&#8221;none&#8221; column_border_radius=&#8221;none&#8221; width=&#8221;1\/1&#8243; tablet_width_inherit=&#8221;default&#8221; tablet_text_alignment=&#8221;default&#8221; phone_text_alignment=&#8221;default&#8221; column_border_width=&#8221;none&#8221; column_border_style=&#8221;solid&#8221;][image_with_animation image_url=&#8221;7797&#8243; alignment=&#8221;&#8221; animation=&#8221;Fade In&#8221; border_radius=&#8221;none&#8221; box_shadow=&#8221;none&#8221; max_width=&#8221;100%&#8221;][\/vc_column][\/vc_row][vc_row type=&#8221;in_container&#8221; full_screen_row_position=&#8221;middle&#8221; scene_position=&#8221;center&#8221; text_color=&#8221;dark&#8221; text_align=&#8221;left&#8221; overlay_strength=&#8221;0.3&#8243; shape_divider_position=&#8221;bottom&#8221;][vc_column column_padding=&#8221;no-extra-padding&#8221; column_padding_position=&#8221;all&#8221; background_color_opacity=&#8221;1&#8243; background_hover_color_opacity=&#8221;1&#8243; column_link_target=&#8221;_self&#8221; column_shadow=&#8221;none&#8221; column_border_radius=&#8221;none&#8221; width=&#8221;1\/1&#8243; tablet_width_inherit=&#8221;default&#8221; tablet_text_alignment=&#8221;default&#8221; phone_text_alignment=&#8221;default&#8221; column_border_width=&#8221;none&#8221; column_border_style=&#8221;solid&#8221;][vc_custom_heading text=&#8221;Formas de donar:&#8221; font_container=&#8221;tag:h2|text_align:left|color:%23000000&#8243; google_fonts=&#8221;font_family:Lato%3A100%2C100italic%2C300%2C300italic%2Cregular%2Citalic%2C700%2C700italic%2C900%2C900italic|font_style:400%20regular%3A400%3Anormal&#8221;][vc_column_text]<br \/>\nLas personas que donan con una visi\u00f3n futur\u00edstica pueden garantizar que nuestras escuelas contin\u00faen brindando una educaci\u00f3n de calidad para lxs estudiantes locales, no solo hoy sino para las generaciones venideras. Puedes ayudar a mantener nuestra importante misi\u00f3n educativa para el futuro al incluir una disposici\u00f3n simple en tus planes de sucesi\u00f3n que nombra a Santa Barbara Education Foundation como beneficiaria de su:<\/p>\n<h3><strong>Legado en un testamento o fideicomiso en vida<\/strong><\/h3>\n<p>La forma m\u00e1s sencilla de proporcionar educaci\u00f3n p\u00fablica en sus planes de sucesi\u00f3n es a trav\u00e9s de un simple legado en su testamento o fideicomiso en vida, designando a Santa Barbara Educatition Foundation como el beneficiario de una cantidad espec\u00edfica en d\u00f3lares, un porcentaje de tu patrimonio, el residuo de tu patrimonio o alg\u00fan art\u00edculo de propiedad inmobiliaria o personal.<\/p>\n<p>Puede encontrar recomendaciones de idioma de legado en un testamento o fideicomiso en este enlace: <a href=\"https:\/\/sbef.m4idev5.com\/wp-content\/uploads\/2019\/02\/Bequest-Language-for-Web-PDF.pdf\"><strong>Bequest Language.<\/strong><\/a><\/p>\n<h3><strong>Activos de jubilaci\u00f3n<\/strong><\/h3>\n<p>Una forma muy efectiva de dejar una donaci\u00f3n heredada a SBEF es nombrar a Santa Barbara Education Foundation como beneficiario de tu IRA, pensi\u00f3n de jubilaci\u00f3n o anualidad.\u00a0Todos estos activos estar\u00e1n sujetos a impuestos significativos (tanto impuestos sobre la renta como sobre el patrimonio) si los dejas a tus herederos. En contraste, el valor total del activo se puede transferir libre de impuestos a una organizaci\u00f3n ben\u00e9fica calificada como SBEF. Es f\u00e1cil nombrar a SBEF como beneficiario total o parcial en los formularios que le proporciona el custodio de sus activos.<\/p>\n<h3><strong>P\u00f3liza<\/strong><strong> de seguro<\/strong><\/h3>\n<p>Tambi\u00e9n puedes nombrar a SBEF como beneficiario de una p\u00f3liza de seguro existente que ya no necesitas o comprar una nueva p\u00f3liza que nombre a SBEF como beneficiario.<br \/>\n[\/vc_column_text][\/vc_column][\/vc_row][vc_row type=&#8221;in_container&#8221; full_screen_row_position=&#8221;middle&#8221; scene_position=&#8221;center&#8221; text_color=&#8221;dark&#8221; text_align=&#8221;left&#8221; overlay_strength=&#8221;0.3&#8243; shape_divider_position=&#8221;bottom&#8221;][vc_column column_padding=&#8221;no-extra-padding&#8221; column_padding_position=&#8221;all&#8221; background_color_opacity=&#8221;1&#8243; background_hover_color_opacity=&#8221;1&#8243; column_link_target=&#8221;_self&#8221; column_shadow=&#8221;none&#8221; column_border_radius=&#8221;none&#8221; width=&#8221;1\/1&#8243; tablet_width_inherit=&#8221;default&#8221; tablet_text_alignment=&#8221;default&#8221; phone_text_alignment=&#8221;default&#8221; column_border_width=&#8221;none&#8221; column_border_style=&#8221;solid&#8221;][vc_column_text]<\/p>\n<h3><strong>Regalos de reinversi\u00f3n de IRA<\/strong><\/h3>\n<p>Si tienes 70 a\u00f1os y medio de edad o m\u00e1s, puedes hacer una contribuci\u00f3n de reinversi\u00f3n de tu Cuenta de Jubilaci\u00f3n Individual (IRA, por sus siglas en ingl\u00e9s), hasta un m\u00e1ximo de $100,000 cada a\u00f1o, a una organizaci\u00f3n ben\u00e9fica calificada como la Santa Barbara Education Foundation. Con un rollover, la transferencia de tu IRA no cuenta como ingreso sujeto a impuestos para ti. Simplemente llama al custodio de tu IRA para solicitar que se haga una distribuci\u00f3n directamente a SBEF. Ayudar\u00e1s a dotar de oportunidades educativas p\u00fablicas a las futuras generaciones de estudiantes.<\/p>\n<h3><strong>Fideicomisos de remanentes caritativos<\/strong><\/h3>\n<p>Estos tipos de regalos pueden proporcionar ingresos de por vida para ti y tu c\u00f3nyuge, a tasas significativamente m\u00e1s altas que las de CD, y son m\u00e1s seguros que el vol\u00e1til mercado de valores. Tales regalos irrevocables tambi\u00e9n te proporcionan una deducci\u00f3n del impuesto sobre la renta ahora. Podemos ponerte en contacto con una persona experta en donaciones planificadas que responder\u00e1 a tus preguntas y te proporcionar\u00e1 proyecciones complementarias que detallan los beneficios para ti de un regalo de ingresos de por vida.<\/p>\n<h3><strong>Regalos de <\/strong><strong>b<\/strong><strong>ienes <\/strong><strong>r<\/strong><strong>a\u00edces<\/strong><\/h3>\n<p>Se pueden hacer donaciones directas de bienes ra\u00edces a Santa Barbara Education Foundation, evitando el impuesto sobre las ganancias de capital en la venta de propiedades apreciadas.\u00a0\u00a0Tambi\u00e9n hay una donaci\u00f3n llamada <strong>Patrimonio vitalicio (o Patrimonio vitalicio retenido)<\/strong> \u00a0que permite a las personas que donan dar el t\u00edtulo en su hogar a una organizaci\u00f3n ben\u00e9fica como SBEF mientras contin\u00faas viviendo en la casa, con un acuerdo firmado para continuar pagando todos los impuestos y costos de mantenimiento durante tu vida.\u00a0 Esto ofrece una deducci\u00f3n del impuesto sobre la renta de caridad que se puede tomar en el momento en que el t\u00edtulo se transfiere a la caridad.\u00a0 Y ahora se otorga reconocimiento por un regalo en una cantidad igual al valor de tasaci\u00f3n de tu hogar.[\/vc_column_text][\/vc_column][\/vc_row][vc_row type=&#8221;in_container&#8221; full_screen_row_position=&#8221;middle&#8221; scene_position=&#8221;center&#8221; text_color=&#8221;dark&#8221; text_align=&#8221;left&#8221; overlay_strength=&#8221;0.3&#8243; shape_divider_position=&#8221;bottom&#8221;][vc_column column_padding=&#8221;no-extra-padding&#8221; column_padding_position=&#8221;all&#8221; background_color_opacity=&#8221;1&#8243; background_hover_color_opacity=&#8221;1&#8243; column_link_target=&#8221;_self&#8221; column_shadow=&#8221;none&#8221; column_border_radius=&#8221;none&#8221; width=&#8221;1\/1&#8243; tablet_width_inherit=&#8221;default&#8221; tablet_text_alignment=&#8221;default&#8221; phone_text_alignment=&#8221;default&#8221; column_border_width=&#8221;none&#8221; column_border_style=&#8221;solid&#8221;][divider line_type=&#8221;No Line&#8221;][vc_custom_heading text=&#8221;M\u00e1s recursos:&#8221; font_container=&#8221;tag:h2|text_align:left|color:%23000000&#8243; google_fonts=&#8221;font_family:Lato%3A100%2C100italic%2C300%2C300italic%2Cregular%2Citalic%2C700%2C700italic%2C900%2C900italic|font_style:400%20regular%3A400%3Anormal&#8221;][\/vc_column][\/vc_row][vc_row type=&#8221;in_container&#8221; full_screen_row_position=&#8221;middle&#8221; scene_position=&#8221;center&#8221; text_color=&#8221;dark&#8221; text_align=&#8221;left&#8221; overlay_strength=&#8221;0.3&#8243; shape_divider_position=&#8221;bottom&#8221;][vc_column column_padding=&#8221;no-extra-padding&#8221; column_padding_position=&#8221;all&#8221; background_color_opacity=&#8221;1&#8243; background_hover_color_opacity=&#8221;1&#8243; column_link_target=&#8221;_self&#8221; column_shadow=&#8221;none&#8221; column_border_radius=&#8221;none&#8221; width=&#8221;1\/4&#8243; tablet_width_inherit=&#8221;default&#8221; tablet_text_alignment=&#8221;default&#8221; phone_text_alignment=&#8221;default&#8221; column_border_width=&#8221;none&#8221; column_border_style=&#8221;solid&#8221;][image_with_animation image_url=&#8221;7829&#8243; alignment=&#8221;&#8221; animation=&#8221;Fade In&#8221; img_link_target=&#8221;_blank&#8221; border_radius=&#8221;none&#8221; box_shadow=&#8221;none&#8221; max_width=&#8221;100%&#8221; img_link=&#8221;https:\/\/sbef.m4idev5.com\/legacy-society\/&#8221;][\/vc_column][vc_column column_padding=&#8221;no-extra-padding&#8221; column_padding_position=&#8221;all&#8221; background_color_opacity=&#8221;1&#8243; background_hover_color_opacity=&#8221;1&#8243; column_link_target=&#8221;_self&#8221; column_shadow=&#8221;none&#8221; column_border_radius=&#8221;none&#8221; width=&#8221;1\/4&#8243; tablet_width_inherit=&#8221;default&#8221; tablet_text_alignment=&#8221;default&#8221; phone_text_alignment=&#8221;default&#8221; column_border_width=&#8221;none&#8221; column_border_style=&#8221;solid&#8221;][image_with_animation image_url=&#8221;7796&#8243; alignment=&#8221;&#8221; animation=&#8221;Fade In&#8221; img_link_target=&#8221;_blank&#8221; border_radius=&#8221;none&#8221; box_shadow=&#8221;none&#8221; max_width=&#8221;100%&#8221; img_link=&#8221;https:\/\/sbef.m4idev5.com\/planned-giving-advisory-council\/&#8221;][\/vc_column][vc_column column_padding=&#8221;no-extra-padding&#8221; column_padding_position=&#8221;all&#8221; background_color_opacity=&#8221;1&#8243; background_hover_color_opacity=&#8221;1&#8243; column_link_target=&#8221;_self&#8221; column_shadow=&#8221;none&#8221; column_border_radius=&#8221;none&#8221; width=&#8221;1\/4&#8243; tablet_width_inherit=&#8221;default&#8221; tablet_text_alignment=&#8221;default&#8221; phone_text_alignment=&#8221;default&#8221; column_border_width=&#8221;none&#8221; column_border_style=&#8221;solid&#8221;][image_with_animation image_url=&#8221;7794&#8243; alignment=&#8221;&#8221; animation=&#8221;Fade In&#8221; img_link_target=&#8221;_blank&#8221; border_radius=&#8221;none&#8221; box_shadow=&#8221;none&#8221; max_width=&#8221;100%&#8221; img_link=&#8221;https:\/\/sbef.m4idev5.com\/wp-content\/uploads\/2019\/02\/Bequest-Language-for-Web-PDF.pdf&#8221;][\/vc_column][vc_column column_padding=&#8221;no-extra-padding&#8221; column_padding_position=&#8221;all&#8221; background_color_opacity=&#8221;1&#8243; background_hover_color_opacity=&#8221;1&#8243; column_link_target=&#8221;_self&#8221; column_shadow=&#8221;none&#8221; column_border_radius=&#8221;none&#8221; width=&#8221;1\/4&#8243; tablet_width_inherit=&#8221;default&#8221; tablet_text_alignment=&#8221;default&#8221; phone_text_alignment=&#8221;default&#8221; column_border_width=&#8221;none&#8221; column_border_style=&#8221;solid&#8221;][image_with_animation image_url=&#8221;7795&#8243; alignment=&#8221;&#8221; animation=&#8221;Fade In&#8221; img_link_target=&#8221;_blank&#8221; border_radius=&#8221;none&#8221; box_shadow=&#8221;none&#8221; max_width=&#8221;100%&#8221; img_link=&#8221;https:\/\/sbef.m4idev5.com\/planned-giving-faqs\/&#8221;][\/vc_column][\/vc_row]<\/p>\n","protected":false},"excerpt":{"rendered":"<p>[vc_row type=&#8221;in_container&#8221; full_screen_row_position=&#8221;middle&#8221; scene_position=&#8221;center&#8221; text_color=&#8221;dark&#8221; text_align=&#8221;left&#8221; overlay_strength=&#8221;0.3&#8243; shape_divider_position=&#8221;bottom&#8221;][vc_column column_padding=&#8221;no-extra-padding&#8221; column_padding_position=&#8221;all&#8221;  [&#8230;]<\/p>\n","protected":false},"author":1,"featured_media":0,"parent":0,"menu_order":0,"comment_status":"closed","ping_status":"closed","template":"","meta":{"inline_featured_image":false,"_price":"","_stock":"","_tribe_ticket_header":"","_tribe_default_ticket_provider":"","_ticket_start_date":"","_ticket_end_date":"","_tribe_ticket_show_description":"","_tribe_ticket_show_not_going":false,"_tribe_ticket_use_global_stock":"","_tribe_ticket_global_stock_level":"","_global_stock_mode":"","_global_stock_cap":"","_tribe_rsvp_for_event":"","_tribe_ticket_going_count":"","_tribe_ticket_not_going_count":"","_tribe_tickets_list":"[]","_tribe_ticket_has_attendee_info_fields":false,"footnotes":"","_tec_slr_enabled":"","_tec_slr_layout":""},"class_list":["post-12907","page","type-page","status-publish","hentry"],"ticketed":false,"_links":{"self":[{"href":"https:\/\/sbef.m4idev5.com\/es\/wp-json\/wp\/v2\/pages\/12907","targetHints":{"allow":["GET"]}}],"collection":[{"href":"https:\/\/sbef.m4idev5.com\/es\/wp-json\/wp\/v2\/pages"}],"about":[{"href":"https:\/\/sbef.m4idev5.com\/es\/wp-json\/wp\/v2\/types\/page"}],"author":[{"embeddable":true,"href":"https:\/\/sbef.m4idev5.com\/es\/wp-json\/wp\/v2\/users\/1"}],"replies":[{"embeddable":true,"href":"https:\/\/sbef.m4idev5.com\/es\/wp-json\/wp\/v2\/comments?post=12907"}],"version-history":[{"count":0,"href":"https:\/\/sbef.m4idev5.com\/es\/wp-json\/wp\/v2\/pages\/12907\/revisions"}],"wp:attachment":[{"href":"https:\/\/sbef.m4idev5.com\/es\/wp-json\/wp\/v2\/media?parent=12907"}],"curies":[{"name":"wp","href":"https:\/\/api.w.org\/{rel}","templated":true}]}}