{"id":12761,"date":"2021-11-29T07:30:58","date_gmt":"2021-11-29T07:30:58","guid":{"rendered":"https:\/\/sbefoundation.org\/campamento-de-verano-de-fila-de-tambores\/"},"modified":"2021-11-29T07:31:03","modified_gmt":"2021-11-29T07:31:03","slug":"campamento-de-verano-de-fila-de-tambores","status":"publish","type":"page","link":"https:\/\/sbef.m4idev5.com\/es\/campamento-de-verano-de-fila-de-tambores\/","title":{"rendered":"Campamento de Verano de Fila de Tambores"},"content":{"rendered":"<p>[vc_row type=&#8221;in_container&#8221; full_screen_row_position=&#8221;middle&#8221; column_margin=&#8221;default&#8221; column_direction=&#8221;default&#8221; column_direction_tablet=&#8221;default&#8221; column_direction_phone=&#8221;default&#8221; scene_position=&#8221;center&#8221; text_color=&#8221;dark&#8221; text_align=&#8221;left&#8221; row_border_radius=&#8221;none&#8221; row_border_radius_applies=&#8221;bg&#8221; overlay_strength=&#8221;0.3&#8243; gradient_direction=&#8221;left_to_right&#8221; shape_divider_position=&#8221;bottom&#8221; bg_image_animation=&#8221;none&#8221;][vc_column column_padding=&#8221;no-extra-padding&#8221; column_padding_tablet=&#8221;inherit&#8221; column_padding_phone=&#8221;inherit&#8221; column_padding_position=&#8221;all&#8221; background_color_opacity=&#8221;1&#8243; background_hover_color_opacity=&#8221;1&#8243; column_shadow=&#8221;none&#8221; column_border_radius=&#8221;none&#8221; column_link_target=&#8221;_self&#8221; gradient_direction=&#8221;left_to_right&#8221; overlay_strength=&#8221;0.3&#8243; width=&#8221;1\/1&#8243; tablet_width_inherit=&#8221;default&#8221; tablet_text_alignment=&#8221;default&#8221; phone_text_alignment=&#8221;default&#8221; column_border_width=&#8221;none&#8221; column_border_style=&#8221;solid&#8221; bg_image_animation=&#8221;none&#8221; enable_animation=&#8221;true&#8221; animation=&#8221;fade-in&#8221; delay=&#8221;300&#8243;][divider line_type=&#8221;No Line&#8221; custom_height=&#8221;40&#8243;][vc_video link=&#8221;https:\/\/youtu.be\/86qNWLmp2NA&#8221;][divider line_type=&#8221;No Line&#8221; custom_height=&#8221;40&#8243;][\/vc_column][\/vc_row][vc_row type=&#8221;in_container&#8221; full_screen_row_position=&#8221;middle&#8221; column_margin=&#8221;default&#8221; column_direction=&#8221;default&#8221; column_direction_tablet=&#8221;default&#8221; column_direction_phone=&#8221;default&#8221; scene_position=&#8221;center&#8221; text_color=&#8221;dark&#8221; text_align=&#8221;left&#8221; row_border_radius=&#8221;none&#8221; row_border_radius_applies=&#8221;bg&#8221; overlay_strength=&#8221;0.3&#8243; gradient_direction=&#8221;left_to_right&#8221; shape_divider_position=&#8221;bottom&#8221; bg_image_animation=&#8221;none&#8221;][vc_column column_padding=&#8221;no-extra-padding&#8221; column_padding_tablet=&#8221;inherit&#8221; column_padding_phone=&#8221;inherit&#8221; column_padding_position=&#8221;all&#8221; background_color_opacity=&#8221;1&#8243; background_hover_color_opacity=&#8221;1&#8243; column_shadow=&#8221;none&#8221; column_border_radius=&#8221;none&#8221; column_link_target=&#8221;_self&#8221; gradient_direction=&#8221;left_to_right&#8221; overlay_strength=&#8221;0.3&#8243; width=&#8221;1\/1&#8243; tablet_width_inherit=&#8221;default&#8221; tablet_text_alignment=&#8221;default&#8221; phone_text_alignment=&#8221;default&#8221; column_border_width=&#8221;none&#8221; column_border_style=&#8221;solid&#8221; bg_image_animation=&#8221;none&#8221;][vc_column_text]<\/p>\n<h2 style=\"text-align: center;\">\u00a1Gracias a nuestros generosos patrocinadores!<\/h2>\n<p>&nbsp;<\/p>\n<h2 style=\"text-align: center;\"><a href=\"https:\/\/sbef.m4idev5.com\/es\/summer-string-camp\/zz_sbbowl\/?lang=es\" rel=\"attachment wp-att-8441\"><img decoding=\"async\" class=\"size-medium wp-image-8441 aligncenter\" src=\"https:\/\/sbef.m4idev5.com\/wp-content\/uploads\/2019\/06\/zz_SBBowl-300x300.jpg\" alt=\"\" width=\"300\" height=\"300\" srcset=\"https:\/\/sbef.m4idev5.com\/wp-content\/uploads\/2019\/06\/zz_SBBowl-100x100.jpg 100w, https:\/\/sbef.m4idev5.com\/wp-content\/uploads\/2019\/06\/zz_SBBowl-140x140.jpg 140w, https:\/\/sbef.m4idev5.com\/wp-content\/uploads\/2019\/06\/zz_SBBowl-150x150.jpg 150w, https:\/\/sbef.m4idev5.com\/wp-content\/uploads\/2019\/06\/zz_SBBowl-300x300.jpg 300w, https:\/\/sbef.m4idev5.com\/wp-content\/uploads\/2019\/06\/zz_SBBowl.jpg 328w\" sizes=\"(max-width: 300px) 100vw, 300px\" \/><\/a><\/h2>\n<h2 style=\"text-align: center;\">Campamento de Verano Musical de Fila de Tambores<\/h2>\n<h4 style=\"text-align: center;\">Fechas: 7-18 de junio 1-4pm<\/h4>\n<h4 style=\"text-align: center;\">Ubicaci\u00f3n: La Cumbre JHS (al aire libre)<\/h4>\n<h4 style=\"text-align: center;\">Inscripci\u00f3n: $250<\/h4>\n<div><\/div>\n<p style=\"text-align: left;\">Dirigido por Charlie Ortega, este campamento es solo para estudiantes que ingresan al sexto o al octavo grado. Hay una cantidad limitada de becas disponibles para estudiantes que reciben almuerzo en la escuela gratis a un costo reducido. <strong> Si necesitas una beca, no te inscribas en l\u00ednea. <\/strong>\u00a0Imprime este formulario de inscripci\u00f3n <a href=\"https:\/\/sbef.m4idev5.com\/wp-content\/uploads\/2021\/04\/SBEF-Music-Camps-2021-Reg-Form.doc\" data-schema-attribute=\"\">2021 Registration Form (English)<\/a> y\/o <a href=\"https:\/\/sbef.m4idev5.com\/wp-content\/uploads\/2021\/04\/SBEF-Music-Camps-2021-Reg-Form-Final-SPA.doc\" data-schema-attribute=\"\">2021 Registration Form (Spanish)<\/a> ll\u00e9nalo y trae la carta del distrito que indica que recibes almuerzo en la escuela gratis o a un costo reducido. El costo con la beca ser\u00eda de $50 por estudiante.<\/p>\n<div class=\"yj6qo ajU\"><\/div>\n<p>[\/vc_column_text][\/vc_column][\/vc_row][vc_row type=&#8221;in_container&#8221; full_screen_row_position=&#8221;middle&#8221; column_margin=&#8221;default&#8221; column_direction=&#8221;default&#8221; column_direction_tablet=&#8221;default&#8221; column_direction_phone=&#8221;default&#8221; scene_position=&#8221;center&#8221; text_color=&#8221;dark&#8221; text_align=&#8221;center&#8221; row_border_radius=&#8221;none&#8221; row_border_radius_applies=&#8221;bg&#8221; overlay_strength=&#8221;0.3&#8243; gradient_direction=&#8221;left_to_right&#8221; shape_divider_position=&#8221;bottom&#8221; bg_image_animation=&#8221;none&#8221; shape_type=&#8221;&#8221;][vc_column column_padding=&#8221;no-extra-padding&#8221; column_padding_tablet=&#8221;inherit&#8221; column_padding_phone=&#8221;inherit&#8221; column_padding_position=&#8221;all&#8221; background_color_opacity=&#8221;1&#8243; background_hover_color_opacity=&#8221;1&#8243; column_shadow=&#8221;none&#8221; column_border_radius=&#8221;none&#8221; column_link_target=&#8221;_self&#8221; gradient_direction=&#8221;left_to_right&#8221; overlay_strength=&#8221;0.3&#8243; width=&#8221;1\/1&#8243; tablet_width_inherit=&#8221;default&#8221; tablet_text_alignment=&#8221;default&#8221; phone_text_alignment=&#8221;default&#8221; column_border_width=&#8221;none&#8221; column_border_style=&#8221;solid&#8221; bg_image_animation=&#8221;none&#8221;][nectar_btn size=&#8221;jumbo&#8221; button_style=&#8221;regular&#8221; button_color_2=&#8221;Accent-Color&#8221; icon_family=&#8221;none&#8221; text=&#8221;\u00a1INSCR\u00cdBETE AQU\u00cd!&#8221; url=&#8221;https:\/\/sbef.m4idev5.com\/events\/summer-drumline-camp-2021\/&#8221;][\/vc_column][\/vc_row][vc_row type=&#8221;in_container&#8221; full_screen_row_position=&#8221;middle&#8221; column_margin=&#8221;default&#8221; column_direction=&#8221;default&#8221; column_direction_tablet=&#8221;default&#8221; column_direction_phone=&#8221;default&#8221; scene_position=&#8221;center&#8221; text_color=&#8221;dark&#8221; text_align=&#8221;left&#8221; row_border_radius=&#8221;none&#8221; row_border_radius_applies=&#8221;bg&#8221; overlay_strength=&#8221;0.3&#8243; gradient_direction=&#8221;left_to_right&#8221; shape_divider_position=&#8221;bottom&#8221; bg_image_animation=&#8221;none&#8221;][vc_column column_padding=&#8221;no-extra-padding&#8221; column_padding_tablet=&#8221;inherit&#8221; column_padding_phone=&#8221;inherit&#8221; column_padding_position=&#8221;all&#8221; background_color_opacity=&#8221;1&#8243; background_hover_color_opacity=&#8221;1&#8243; column_shadow=&#8221;none&#8221; column_border_radius=&#8221;none&#8221; column_link_target=&#8221;_self&#8221; gradient_direction=&#8221;left_to_right&#8221; overlay_strength=&#8221;0.3&#8243; width=&#8221;1\/1&#8243; tablet_width_inherit=&#8221;default&#8221; tablet_text_alignment=&#8221;default&#8221; phone_text_alignment=&#8221;default&#8221; column_border_width=&#8221;none&#8221; column_border_style=&#8221;solid&#8221; bg_image_animation=&#8221;none&#8221;][vc_column_text]<\/p>\n<p>El Campamento de Verano Musical de Fila de Tambores ofrece a los participantes la oportunidad de continuar ampliando su comprensi\u00f3n de los elementos de la interpretaci\u00f3n musical. Los participantes tambi\u00e9n aprender\u00e1n lectura r\u00edtmica avanzada y desarrollar\u00e1n una t\u00e9cnica de ejecuci\u00f3n adecuada que los estudiantes llevar\u00e1n consigo durante toda su vida de percusi\u00f3n. Los participantes del campamento estar\u00e1n expuestos a todos los diferentes tipos de instrumentos de percusi\u00f3n que se utilizan en grandes conjuntos de percusi\u00f3n, incluyendo caja, tenor de marcha, bajo, percusi\u00f3n de mano como conga y djembe, y percusi\u00f3n mel\u00f3dica, como marimba, vibr\u00e1fono y timbal. Los participantes participar\u00e1n en una actuaci\u00f3n musical en un conjunto al final del campamento.[\/vc_column_text][\/vc_column][\/vc_row][vc_row type=&#8221;in_container&#8221; full_screen_row_position=&#8221;middle&#8221; column_margin=&#8221;default&#8221; column_direction=&#8221;default&#8221; column_direction_tablet=&#8221;default&#8221; column_direction_phone=&#8221;default&#8221; scene_position=&#8221;center&#8221; text_color=&#8221;dark&#8221; text_align=&#8221;left&#8221; row_border_radius=&#8221;none&#8221; row_border_radius_applies=&#8221;bg&#8221; overlay_strength=&#8221;0.3&#8243; gradient_direction=&#8221;left_to_right&#8221; shape_divider_position=&#8221;bottom&#8221; bg_image_animation=&#8221;none&#8221;][vc_column column_padding=&#8221;no-extra-padding&#8221; column_padding_tablet=&#8221;inherit&#8221; column_padding_phone=&#8221;inherit&#8221; column_padding_position=&#8221;all&#8221; background_color_opacity=&#8221;1&#8243; background_hover_color_opacity=&#8221;1&#8243; column_shadow=&#8221;none&#8221; column_border_radius=&#8221;none&#8221; column_link_target=&#8221;_self&#8221; gradient_direction=&#8221;left_to_right&#8221; overlay_strength=&#8221;0.3&#8243; width=&#8221;1\/1&#8243; tablet_width_inherit=&#8221;default&#8221; tablet_text_alignment=&#8221;default&#8221; phone_text_alignment=&#8221;default&#8221; column_border_width=&#8221;none&#8221; column_border_style=&#8221;solid&#8221; bg_image_animation=&#8221;none&#8221;][vc_column_text]<\/p>\n<p>[\/vc_column_text][\/vc_column][\/vc_row][vc_row type=&#8221;in_container&#8221; full_screen_row_position=&#8221;middle&#8221; column_margin=&#8221;default&#8221; column_direction=&#8221;default&#8221; column_direction_tablet=&#8221;default&#8221; column_direction_phone=&#8221;default&#8221; scene_position=&#8221;center&#8221; text_color=&#8221;dark&#8221; text_align=&#8221;left&#8221; row_border_radius=&#8221;none&#8221; row_border_radius_applies=&#8221;bg&#8221; overlay_strength=&#8221;0.3&#8243; gradient_direction=&#8221;left_to_right&#8221; shape_divider_position=&#8221;bottom&#8221; bg_image_animation=&#8221;none&#8221;][vc_column column_padding=&#8221;no-extra-padding&#8221; column_padding_tablet=&#8221;inherit&#8221; column_padding_phone=&#8221;inherit&#8221; column_padding_position=&#8221;all&#8221; background_color_opacity=&#8221;1&#8243; background_hover_color_opacity=&#8221;1&#8243; column_shadow=&#8221;none&#8221; column_border_radius=&#8221;none&#8221; column_link_target=&#8221;_self&#8221; gradient_direction=&#8221;left_to_right&#8221; overlay_strength=&#8221;0.3&#8243; width=&#8221;1\/1&#8243; tablet_width_inherit=&#8221;default&#8221; tablet_text_alignment=&#8221;default&#8221; phone_text_alignment=&#8221;default&#8221; column_border_width=&#8221;none&#8221; column_border_style=&#8221;solid&#8221; bg_image_animation=&#8221;none&#8221;][vc_column_text]<\/p>\n<h5><\/h5>\n<p>&nbsp;<\/p>\n<p><strong>Campamento de Fila de Tambores Musical de Verano 2021<\/strong><\/p>\n<p>\u2022 Abierto para estudiantes entrantes de 6 a 8 grado<br \/>\n\u2022 Ser\u00e1 de lunes- viernes, 7-18 de junio <\/p>\n<p>Director: Charlie Ortega<\/p>\n<p>Los participantes del campamento estar\u00e1n expuestos a diferentes tipos de instrumentos de percusi\u00f3n que se utilizan en grandes conjuntos, como la trampa, el marcha, el bajo, percusiones de mano como la conga y el djemb\u00e9, y la percusi\u00f3n mel\u00f3dica, como la marimba, el vibr\u00e1fono y el timbal.<\/p>\n<p>Punto de contacto: Katie Szopa at <span \n                data-original-string='pOqqv1tuGtLKKB8E2T70HQ==8ae4HBC5Lb8e43L10Qh1B9Hk\/L5mAS8TmDs\/capnbzw0BU='\n                class='apbct-email-encoder'\n                title='Este contacto ha sido codificado por Anti-Spam by CleanTalk. Haz clic para decodificar. Para finalizar la decodificaci\u00f3n, aseg\u00farate de que JavaScript est\u00e1 activado en tu navegador.'>ka<span class=\"apbct-blur\">***<\/span>@<span class=\"apbct-blur\">*******************<\/span>on.org<\/span> or 805-284-9125<\/p>\n<p>Inscripci\u00f3n:<br \/>\nPrecio: $250 por estudiante, escriba un cheque a nombre de SBEF<\/p>\n<p>Atenci\u00f3n: Katie Szopa 1330 State Street Suite 201 Santa Barbara, CA 93101<\/p>\n<p>Si te gustar\u00eda recibir una beca para tu estudiante. ($50 por estudiante)<\/p>\n<h3 style=\"text-align: center;\"><\/h3>\n<p>[\/vc_column_text][\/vc_column][\/vc_row]<\/p>\n","protected":false},"excerpt":{"rendered":"<p>[vc_row type=&#8221;in_container&#8221; full_screen_row_position=&#8221;middle&#8221; column_margin=&#8221;default&#8221; column_direction=&#8221;default&#8221; column_direction_tablet=&#8221;default&#8221; column_direction_phone=&#8221;default&#8221; scene_position=&#8221;center&#8221; text_color=&#8221;dark&#8221; text_align=&#8221;left&#8221;  [&#8230;]<\/p>\n","protected":false},"author":2,"featured_media":0,"parent":0,"menu_order":0,"comment_status":"closed","ping_status":"closed","template":"","meta":{"inline_featured_image":false,"_price":"","_stock":"","_tribe_ticket_header":"","_tribe_default_ticket_provider":"","_ticket_start_date":"","_ticket_end_date":"","_tribe_ticket_show_description":"","_tribe_ticket_show_not_going":false,"_tribe_ticket_use_global_stock":"","_tribe_ticket_global_stock_level":"","_global_stock_mode":"","_global_stock_cap":"","_tribe_rsvp_for_event":"","_tribe_ticket_going_count":"","_tribe_ticket_not_going_count":"","_tribe_tickets_list":"[]","_tribe_ticket_has_attendee_info_fields":false,"footnotes":"","_tec_slr_enabled":"","_tec_slr_layout":""},"class_list":["post-12761","page","type-page","status-publish","hentry"],"ticketed":false,"_links":{"self":[{"href":"https:\/\/sbef.m4idev5.com\/es\/wp-json\/wp\/v2\/pages\/12761","targetHints":{"allow":["GET"]}}],"collection":[{"href":"https:\/\/sbef.m4idev5.com\/es\/wp-json\/wp\/v2\/pages"}],"about":[{"href":"https:\/\/sbef.m4idev5.com\/es\/wp-json\/wp\/v2\/types\/page"}],"author":[{"embeddable":true,"href":"https:\/\/sbef.m4idev5.com\/es\/wp-json\/wp\/v2\/users\/2"}],"replies":[{"embeddable":true,"href":"https:\/\/sbef.m4idev5.com\/es\/wp-json\/wp\/v2\/comments?post=12761"}],"version-history":[{"count":0,"href":"https:\/\/sbef.m4idev5.com\/es\/wp-json\/wp\/v2\/pages\/12761\/revisions"}],"wp:attachment":[{"href":"https:\/\/sbef.m4idev5.com\/es\/wp-json\/wp\/v2\/media?parent=12761"}],"curies":[{"name":"wp","href":"https:\/\/api.w.org\/{rel}","templated":true}]}}