{"id":12733,"date":"2021-11-29T06:41:43","date_gmt":"2021-11-29T06:41:43","guid":{"rendered":"https:\/\/sbefoundation.org\/campamento-de-instrumentos-de-cuerda\/"},"modified":"2025-03-01T13:49:14","modified_gmt":"2025-03-01T21:49:14","slug":"campamento-de-instrumentos-de-cuerda","status":"publish","type":"page","link":"https:\/\/sbef.m4idev5.com\/es\/campamento-de-instrumentos-de-cuerda\/","title":{"rendered":"Campamento de Instrumentos de Cuerda"},"content":{"rendered":"<p>[vc_row type=&#8221;in_container&#8221; full_screen_row_position=&#8221;middle&#8221; column_margin=&#8221;default&#8221; column_direction=&#8221;default&#8221; column_direction_tablet=&#8221;default&#8221; column_direction_phone=&#8221;default&#8221; scene_position=&#8221;center&#8221; text_color=&#8221;dark&#8221; text_align=&#8221;center&#8221; row_border_radius=&#8221;none&#8221; row_border_radius_applies=&#8221;bg&#8221; overflow=&#8221;visible&#8221; overlay_strength=&#8221;0.3&#8243; gradient_direction=&#8221;left_to_right&#8221; shape_divider_position=&#8221;bottom&#8221; bg_image_animation=&#8221;none&#8221; shape_type=&#8221;&#8221;][vc_column column_padding=&#8221;no-extra-padding&#8221; column_padding_tablet=&#8221;inherit&#8221; column_padding_phone=&#8221;inherit&#8221; column_padding_position=&#8221;all&#8221; column_element_direction_desktop=&#8221;default&#8221; column_element_spacing=&#8221;default&#8221; desktop_text_alignment=&#8221;default&#8221; tablet_text_alignment=&#8221;default&#8221; phone_text_alignment=&#8221;default&#8221; background_color_opacity=&#8221;1&#8243; background_hover_color_opacity=&#8221;1&#8243; column_backdrop_filter=&#8221;none&#8221; column_shadow=&#8221;none&#8221; column_border_radius=&#8221;none&#8221; column_link_target=&#8221;_self&#8221; column_position=&#8221;default&#8221; gradient_direction=&#8221;left_to_right&#8221; overlay_strength=&#8221;0.3&#8243; width=&#8221;1\/1&#8243; tablet_width_inherit=&#8221;default&#8221; animation_type=&#8221;default&#8221; bg_image_animation=&#8221;none&#8221; border_type=&#8221;simple&#8221; column_border_width=&#8221;none&#8221; column_border_style=&#8221;solid&#8221;][vc_row_inner column_margin=&#8221;default&#8221; column_direction=&#8221;default&#8221; column_direction_tablet=&#8221;default&#8221; column_direction_phone=&#8221;default&#8221; text_align=&#8221;center&#8221; row_position=&#8221;default&#8221; row_position_tablet=&#8221;inherit&#8221; row_position_phone=&#8221;inherit&#8221; overflow=&#8221;visible&#8221; pointer_events=&#8221;all&#8221;][vc_column_inner column_padding=&#8221;no-extra-padding&#8221; column_padding_tablet=&#8221;inherit&#8221; column_padding_phone=&#8221;inherit&#8221; column_padding_position=&#8221;all&#8221; column_element_direction_desktop=&#8221;default&#8221; column_element_spacing=&#8221;default&#8221; desktop_text_alignment=&#8221;default&#8221; tablet_text_alignment=&#8221;default&#8221; phone_text_alignment=&#8221;default&#8221; background_color_opacity=&#8221;1&#8243; background_hover_color_opacity=&#8221;1&#8243; column_backdrop_filter=&#8221;none&#8221; column_shadow=&#8221;none&#8221; column_border_radius=&#8221;none&#8221; column_link_target=&#8221;_self&#8221; overflow=&#8221;visible&#8221; gradient_direction=&#8221;left_to_right&#8221; overlay_strength=&#8221;0.3&#8243; width=&#8221;1\/2&#8243; tablet_width_inherit=&#8221;default&#8221; animation_type=&#8221;default&#8221; bg_image_animation=&#8221;none&#8221; border_type=&#8221;simple&#8221; column_border_width=&#8221;none&#8221; column_border_style=&#8221;solid&#8221;][divider line_type=&#8221;No Line&#8221; custom_height=&#8221;60&#8243;][vc_video link=&#8221;&#8221; align=&#8221;center&#8221;][divider line_type=&#8221;No Line&#8221; custom_height=&#8221;60&#8243;][\/vc_column_inner][vc_column_inner column_padding=&#8221;no-extra-padding&#8221; column_padding_tablet=&#8221;inherit&#8221; column_padding_phone=&#8221;inherit&#8221; column_padding_position=&#8221;all&#8221; column_element_direction_desktop=&#8221;default&#8221; column_element_spacing=&#8221;default&#8221; desktop_text_alignment=&#8221;default&#8221; tablet_text_alignment=&#8221;default&#8221; phone_text_alignment=&#8221;default&#8221; background_color_opacity=&#8221;1&#8243; background_hover_color_opacity=&#8221;1&#8243; column_backdrop_filter=&#8221;none&#8221; column_shadow=&#8221;none&#8221; column_border_radius=&#8221;none&#8221; column_link_target=&#8221;_self&#8221; overflow=&#8221;visible&#8221; gradient_direction=&#8221;left_to_right&#8221; overlay_strength=&#8221;0.3&#8243; width=&#8221;1\/2&#8243; tablet_width_inherit=&#8221;default&#8221; animation_type=&#8221;default&#8221; bg_image_animation=&#8221;none&#8221; border_type=&#8221;simple&#8221; column_border_width=&#8221;none&#8221; column_border_style=&#8221;solid&#8221;][divider line_type=&#8221;No Line&#8221; custom_height=&#8221;60&#8243;][vc_video link=&#8221;&#8221; align=&#8221;center&#8221;][divider line_type=&#8221;No Line&#8221; custom_height=&#8221;60&#8243;][\/vc_column_inner][\/vc_row_inner][vc_column_text css=&#8221;&#8221; text_direction=&#8221;default&#8221;]<\/p>\n<p style=\"text-align: center;\"><strong>\u00a1LA INSCRIPCI\u00d3N PARA EL VERANO 2025 EST\u00c1 ABIERTA!<\/strong><\/p>\n<p>&nbsp;<\/p>\n<p style=\"text-align: center;\"><strong>Del 16 al 27 de junio, de 9 a.m. a mediod\u00eda (no habr\u00e1 campamento el D\u00eda de Juneteenth)<\/strong><\/p>\n<p>&nbsp;<\/p>\n<p style=\"text-align: center;\"><strong>Ala de Artes Esc\u00e9nicas de La Colina Junior High School<\/strong><\/p>\n<p>&nbsp;<\/p>\n<p style=\"text-align: center;\"><strong>La matr\u00edcula es de $250<\/strong><\/p>\n<p>&nbsp;<\/p>\n<p style=\"text-align: center;\"><a href=\"https:\/\/sbef.m4idev5.com\/events\/sound-waves-music-and-movement-camp-2025\/\"><strong>\u00a1INSCR\u00cdBETE EN L\u00cdNEA AQU\u00cd!<\/strong><\/a><\/p>\n<p>El campamento de cuerdas est\u00e1 abierto a todos los estudiantes de cuerdas que sean alumnos de 4\u00ba a 9\u00ba grado y toquen viol\u00edn, viola, cello o contrabajo. Se aceptan todos los niveles, incluidos principiantes, intermedios y avanzados. Los campistas jugar\u00e1n juegos musicales, desarrollar\u00e1n habilidades t\u00e9cnicas en su instrumento, har\u00e1n amigos, se divertir\u00e1n en un ambiente de apoyo y ofrecer\u00e1n un concierto para familiares y amigos al final del campamento.<\/p>\n<p>**Si tu estudiante no tiene un instrumento, puede alquilar uno en la tienda Nick Rail Music o pedirle a su maestro de m\u00fasica\/banda actual que le preste uno para el campamento.<\/p>\n<p><strong>INFORMACI\u00d3N SOBRE BECAS<\/strong><\/p>\n<p>Beca: Si calificas para una beca, el costo es de $50 por estudiante para cada campamento. <a href=\"http:\/\/REQUEST CAMP SCHOLARSHIP HERE\">SOLICITA LA BECA AQU\u00cd<\/a>. Por favor, completa este formulario de inscripci\u00f3n y env\u00edalo con una carta breve por correo electr\u00f3nico (a <span \n                data-original-string='q8W9\/Z06+flj6YhsgyvDhg==8aekLpqLKcumbFrtnc9Nbw65uO\/qBj31ROkAqh523Sgkpc='\n                class='apbct-email-encoder'\n                title='Este contacto ha sido codificado por Anti-Spam by CleanTalk. Haz clic para decodificar. Para finalizar la decodificaci\u00f3n, aseg\u00farate de que JavaScript est\u00e1 activado en tu navegador.'>ka<span class=\"apbct-blur\">***<\/span>@<span class=\"apbct-blur\">*******************<\/span>on.org<\/span>) indicando tu raz\u00f3n para solicitar una beca con esta solicitud. Tambi\u00e9n puedes enviar la carta por correo o dejarla en la oficina. Katie Szopa se pondr\u00e1 en contacto contigo despu\u00e9s de recibir tu documentaci\u00f3n para el pago.<\/p>\n<p>Pol\u00edtica de Reembolsos<\/p>\n<p>Los reembolsos por cancelaciones solo se emitir\u00e1n antes del 9 de junio de 2025. Se retendr\u00e1 una tarifa de inscripci\u00f3n no reembolsable de $50 para cubrir los costos de procesamiento de las cancelaciones. <strong>No se proporcionar\u00e1n reembolsos despu\u00e9s del primer d\u00eda del campamento.<\/strong>[\/vc_column_text][\/vc_column][\/vc_row][vc_row type=&#8221;in_container&#8221; full_screen_row_position=&#8221;middle&#8221; column_margin=&#8221;default&#8221; column_direction=&#8221;default&#8221; column_direction_tablet=&#8221;default&#8221; column_direction_phone=&#8221;default&#8221; scene_position=&#8221;center&#8221; text_color=&#8221;dark&#8221; text_align=&#8221;left&#8221; row_border_radius=&#8221;none&#8221; row_border_radius_applies=&#8221;bg&#8221; overflow=&#8221;visible&#8221; overlay_strength=&#8221;0.3&#8243; gradient_direction=&#8221;left_to_right&#8221; shape_divider_position=&#8221;bottom&#8221; bg_image_animation=&#8221;none&#8221;][vc_column column_padding=&#8221;no-extra-padding&#8221; column_padding_tablet=&#8221;inherit&#8221; column_padding_phone=&#8221;inherit&#8221; column_padding_position=&#8221;all&#8221; column_element_direction_desktop=&#8221;default&#8221; column_element_spacing=&#8221;default&#8221; desktop_text_alignment=&#8221;default&#8221; tablet_text_alignment=&#8221;default&#8221; phone_text_alignment=&#8221;default&#8221; background_color_opacity=&#8221;1&#8243; background_hover_color_opacity=&#8221;1&#8243; column_backdrop_filter=&#8221;none&#8221; column_shadow=&#8221;none&#8221; column_border_radius=&#8221;none&#8221; column_link_target=&#8221;_self&#8221; column_position=&#8221;default&#8221; gradient_direction=&#8221;left_to_right&#8221; overlay_strength=&#8221;0.3&#8243; width=&#8221;1\/1&#8243; tablet_width_inherit=&#8221;default&#8221; animation_type=&#8221;default&#8221; bg_image_animation=&#8221;none&#8221; border_type=&#8221;simple&#8221; column_border_width=&#8221;none&#8221; column_border_style=&#8221;solid&#8221;]<\/p>\n<p style=\"text-align: center;\"><strong>\u00a1LA INSCRIPCI\u00d3N PARA EL VERANO 2025 EST\u00c1 ABIERTA!<\/strong><\/p>\n<p>&nbsp;<\/p>\n<p style=\"text-align: center;\"><strong>Del 16 al 27 de junio, de 9 a.m. a mediod\u00eda (no habr\u00e1 campamento el D\u00eda de Juneteenth)<\/strong><\/p>\n<p>&nbsp;<\/p>\n<p style=\"text-align: center;\"><strong>Ala de Artes Esc\u00e9nicas de La Colina Junior High School<\/strong><\/p>\n<p>&nbsp;<\/p>\n<p style=\"text-align: center;\"><strong>La matr\u00edcula es de $250<\/strong><\/p>\n<p>&nbsp;<\/p>\n<p style=\"text-align: center;\"><a href=\"https:\/\/sbef.m4idev5.com\/events\/sound-waves-music-and-movement-camp-2025\/\"><strong>\u00a1INSCR\u00cdBETE EN L\u00cdNEA AQU\u00cd!<\/strong><\/a><\/p>\n<p>El campamento de cuerdas est\u00e1 abierto a todos los estudiantes de cuerdas que sean alumnos de 4\u00ba a 9\u00ba grado y toquen viol\u00edn, viola, cello o contrabajo. Se aceptan todos los niveles, incluidos principiantes, intermedios y avanzados. Los campistas jugar\u00e1n juegos musicales, desarrollar\u00e1n habilidades t\u00e9cnicas en su instrumento, har\u00e1n amigos, se divertir\u00e1n en un ambiente de apoyo y ofrecer\u00e1n un concierto para familiares y amigos al final del campamento.<\/p>\n<p>**Si tu estudiante no tiene un instrumento, puede alquilar uno en la tienda Nick Rail Music o pedirle a su maestro de m\u00fasica\/banda actual que le preste uno para el campamento.<\/p>\n<p><strong>INFORMACI\u00d3N SOBRE BECAS<\/strong><\/p>\n<p>Beca: Si calificas para una beca, el costo es de $50 por estudiante para cada campamento. <a href=\"http:\/\/REQUEST CAMP SCHOLARSHIP HERE\">SOLICITA LA BECA AQU\u00cd<\/a>. Por favor, completa este formulario de inscripci\u00f3n y env\u00edalo con una carta breve por correo electr\u00f3nico (a <span \n                data-original-string='Y4UB\/rhPCRsJvpNz4\/3xJg==8aehkFatCGDaQKAQKfPUaOjFCeLNHk0DjYKJO\/T4PLswJI='\n                class='apbct-email-encoder'\n                title='Este contacto ha sido codificado por Anti-Spam by CleanTalk. Haz clic para decodificar. Para finalizar la decodificaci\u00f3n, aseg\u00farate de que JavaScript est\u00e1 activado en tu navegador.'>ka<span class=\"apbct-blur\">***<\/span>@<span class=\"apbct-blur\">*******************<\/span>on.org<\/span>) indicando tu raz\u00f3n para solicitar una beca con esta solicitud. Tambi\u00e9n puedes enviar la carta por correo o dejarla en la oficina. Katie Szopa se pondr\u00e1 en contacto contigo despu\u00e9s de recibir tu documentaci\u00f3n para el pago.<\/p>\n<p>Pol\u00edtica de Reembolsos<\/p>\n<p>Los reembolsos por cancelaciones solo se emitir\u00e1n antes del 9 de junio de 2025. Se retendr\u00e1 una tarifa de inscripci\u00f3n no reembolsable de $50 para cubrir los costos de procesamiento de las cancelaciones. <strong>No se proporcionar\u00e1n reembolsos despu\u00e9s del primer d\u00eda del campamento.<\/strong>[\/vc_column][\/vc_row][vc_row type=&#8221;in_container&#8221; full_screen_row_position=&#8221;middle&#8221; column_margin=&#8221;default&#8221; column_direction=&#8221;default&#8221; column_direction_tablet=&#8221;default&#8221; column_direction_phone=&#8221;default&#8221; scene_position=&#8221;center&#8221; text_color=&#8221;dark&#8221; text_align=&#8221;left&#8221; row_border_radius=&#8221;none&#8221; row_border_radius_applies=&#8221;bg&#8221; overflow=&#8221;visible&#8221; overlay_strength=&#8221;0.3&#8243; gradient_direction=&#8221;left_to_right&#8221; shape_divider_position=&#8221;bottom&#8221; bg_image_animation=&#8221;none&#8221;][vc_column column_padding=&#8221;no-extra-padding&#8221; column_padding_tablet=&#8221;inherit&#8221; column_padding_phone=&#8221;inherit&#8221; column_padding_position=&#8221;all&#8221; column_element_direction_desktop=&#8221;default&#8221; column_element_spacing=&#8221;default&#8221; desktop_text_alignment=&#8221;default&#8221; tablet_text_alignment=&#8221;default&#8221; phone_text_alignment=&#8221;default&#8221; background_color_opacity=&#8221;1&#8243; background_hover_color_opacity=&#8221;1&#8243; column_backdrop_filter=&#8221;none&#8221; column_shadow=&#8221;none&#8221; column_border_radius=&#8221;none&#8221; column_link_target=&#8221;_self&#8221; column_position=&#8221;default&#8221; gradient_direction=&#8221;left_to_right&#8221; overlay_strength=&#8221;0.3&#8243; width=&#8221;1\/1&#8243; tablet_width_inherit=&#8221;default&#8221; animation_type=&#8221;default&#8221; bg_image_animation=&#8221;none&#8221; border_type=&#8221;simple&#8221; column_border_width=&#8221;none&#8221; column_border_style=&#8221;solid&#8221;][vc_column_text css=&#8221;&#8221; text_direction=&#8221;default&#8221;]<\/p>\n<p style=\"text-align: center;\"><strong>\u00a1LA INSCRIPCI\u00d3N PARA EL VERANO 2025 EST\u00c1 ABIERTA!<\/strong><\/p>\n<p>&nbsp;<\/p>\n<p style=\"text-align: center;\"><strong>Del 16 al 27 de junio, de 9 a.m. a mediod\u00eda (no habr\u00e1 campamento el D\u00eda de Juneteenth)<\/strong><\/p>\n<p>&nbsp;<\/p>\n<p style=\"text-align: center;\"><strong>Ala de Artes Esc\u00e9nicas de La Colina Junior High School<\/strong><\/p>\n<p>&nbsp;<\/p>\n<p style=\"text-align: center;\"><strong>La matr\u00edcula es de $250<\/strong><\/p>\n<p>&nbsp;<\/p>\n<p style=\"text-align: center;\"><a href=\"https:\/\/sbef.m4idev5.com\/events\/sound-waves-music-and-movement-camp-2025\/\"><strong>\u00a1INSCR\u00cdBETE EN L\u00cdNEA AQU\u00cd!<\/strong><\/a><\/p>\n<p>El campamento de cuerdas est\u00e1 abierto a todos los estudiantes de cuerdas que sean alumnos de 4\u00ba a 9\u00ba grado y toquen viol\u00edn, viola, cello o contrabajo. Se aceptan todos los niveles, incluidos principiantes, intermedios y avanzados. Los campistas jugar\u00e1n juegos musicales, desarrollar\u00e1n habilidades t\u00e9cnicas en su instrumento, har\u00e1n amigos, se divertir\u00e1n en un ambiente de apoyo y ofrecer\u00e1n un concierto para familiares y amigos al final del campamento.<\/p>\n<p>**Si tu estudiante no tiene un instrumento, puede alquilar uno en la tienda Nick Rail Music o pedirle a su maestro de m\u00fasica\/banda actual que le preste uno para el campamento.<\/p>\n<p><strong>INFORMACI\u00d3N SOBRE BECAS<\/strong><\/p>\n<p>Beca: Si calificas para una beca, el costo es de $50 por estudiante para cada campamento. <a href=\"http:\/\/REQUEST CAMP SCHOLARSHIP HERE\">SOLICITA LA BECA AQU\u00cd<\/a>. Por favor, completa este formulario de inscripci\u00f3n y env\u00edalo con una carta breve por correo electr\u00f3nico (a <span \n                data-original-string='cjukcGUoa4BAmijR4ovfOg==8aeW3kPgKAT6iqvbNwSBNjnoAR0ERda+CB0IWXApjFX0xw='\n                class='apbct-email-encoder'\n                title='Este contacto ha sido codificado por Anti-Spam by CleanTalk. Haz clic para decodificar. Para finalizar la decodificaci\u00f3n, aseg\u00farate de que JavaScript est\u00e1 activado en tu navegador.'>ka<span class=\"apbct-blur\">***<\/span>@<span class=\"apbct-blur\">*******************<\/span>on.org<\/span>) indicando tu raz\u00f3n para solicitar una beca con esta solicitud. Tambi\u00e9n puedes enviar la carta por correo o dejarla en la oficina. Katie Szopa se pondr\u00e1 en contacto contigo despu\u00e9s de recibir tu documentaci\u00f3n para el pago.<\/p>\n<p>Pol\u00edtica de Reembolsos<\/p>\n<p>Los reembolsos por cancelaciones solo se emitir\u00e1n antes del 9 de junio de 2025. Se retendr\u00e1 una tarifa de inscripci\u00f3n no reembolsable de $50 para cubrir los costos de procesamiento de las cancelaciones. <strong>No se proporcionar\u00e1n reembolsos despu\u00e9s del primer d\u00eda del campamento.<\/strong><br \/>\n[\/vc_column_text][vc_column_text]<\/p>\n<p style=\"text-align: center;\"><strong>\u00a1LA INSCRIPCI\u00d3N PARA EL VERANO 2025 EST\u00c1 ABIERTA!<\/strong><\/p>\n<p>&nbsp;<\/p>\n<p style=\"text-align: center;\"><strong>Del 16 al 27 de junio, de 9 a.m. a mediod\u00eda (no habr\u00e1 campamento el D\u00eda de Juneteenth)<\/strong><\/p>\n<p>&nbsp;<\/p>\n<p style=\"text-align: center;\"><strong>Ala de Artes Esc\u00e9nicas de La Colina Junior High School<\/strong><\/p>\n<p>&nbsp;<\/p>\n<p style=\"text-align: center;\"><strong>La matr\u00edcula es de $250<\/strong><\/p>\n<p>&nbsp;<\/p>\n<p style=\"text-align: center;\"><a href=\"https:\/\/sbef.m4idev5.com\/events\/sound-waves-music-and-movement-camp-2025\/\"><strong>\u00a1INSCR\u00cdBETE EN L\u00cdNEA AQU\u00cd!<\/strong><\/a><\/p>\n<p>El campamento de cuerdas est\u00e1 abierto a todos los estudiantes de cuerdas que sean alumnos de 4\u00ba a 9\u00ba grado y toquen viol\u00edn, viola, cello o contrabajo. Se aceptan todos los niveles, incluidos principiantes, intermedios y avanzados. Los campistas jugar\u00e1n juegos musicales, desarrollar\u00e1n habilidades t\u00e9cnicas en su instrumento, har\u00e1n amigos, se divertir\u00e1n en un ambiente de apoyo y ofrecer\u00e1n un concierto para familiares y amigos al final del campamento.<\/p>\n<p>**Si tu estudiante no tiene un instrumento, puede alquilar uno en la tienda Nick Rail Music o pedirle a su maestro de m\u00fasica\/banda actual que le preste uno para el campamento.<\/p>\n<p><strong>INFORMACI\u00d3N SOBRE BECAS<\/strong><\/p>\n<p>Beca: Si calificas para una beca, el costo es de $50 por estudiante para cada campamento. <a href=\"http:\/\/REQUEST CAMP SCHOLARSHIP HERE\">SOLICITA LA BECA AQU\u00cd<\/a>. Por favor, completa este formulario de inscripci\u00f3n y env\u00edalo con una carta breve por correo electr\u00f3nico (a <span \n                data-original-string='VDmDyf4t9qkgEXVhDbQcbQ==8aeXP93fM4+r1Y+O1FaskPeUxFCW3jDwGO8VEso1d75DFw='\n                class='apbct-email-encoder'\n                title='Este contacto ha sido codificado por Anti-Spam by CleanTalk. Haz clic para decodificar. Para finalizar la decodificaci\u00f3n, aseg\u00farate de que JavaScript est\u00e1 activado en tu navegador.'>ka<span class=\"apbct-blur\">***<\/span>@<span class=\"apbct-blur\">*******************<\/span>on.org<\/span>) indicando tu raz\u00f3n para solicitar una beca con esta solicitud. Tambi\u00e9n puedes enviar la carta por correo o dejarla en la oficina. Katie Szopa se pondr\u00e1 en contacto contigo despu\u00e9s de recibir tu documentaci\u00f3n para el pago.<\/p>\n<p>Pol\u00edtica de Reembolsos<\/p>\n<p>Los reembolsos por cancelaciones solo se emitir\u00e1n antes del 9 de junio de 2025. Se retendr\u00e1 una tarifa de inscripci\u00f3n no reembolsable de $50 para cubrir los costos de procesamiento de las cancelaciones. <strong>No se proporcionar\u00e1n reembolsos despu\u00e9s del primer d\u00eda del campamento.<\/strong>[\/vc_column_text][\/vc_column][\/vc_row][vc_row type=&#8221;in_container&#8221; full_screen_row_position=&#8221;middle&#8221; column_margin=&#8221;default&#8221; column_direction=&#8221;default&#8221; column_direction_tablet=&#8221;default&#8221; column_direction_phone=&#8221;default&#8221; scene_position=&#8221;center&#8221; text_color=&#8221;dark&#8221; text_align=&#8221;left&#8221; row_border_radius=&#8221;none&#8221; row_border_radius_applies=&#8221;bg&#8221; overflow=&#8221;visible&#8221; overlay_strength=&#8221;0.3&#8243; gradient_direction=&#8221;left_to_right&#8221; shape_divider_position=&#8221;bottom&#8221; bg_image_animation=&#8221;none&#8221;][vc_column column_padding=&#8221;no-extra-padding&#8221; column_padding_tablet=&#8221;inherit&#8221; column_padding_phone=&#8221;inherit&#8221; column_padding_position=&#8221;all&#8221; column_element_direction_desktop=&#8221;default&#8221; column_element_spacing=&#8221;default&#8221; centered_text=&#8221;true&#8221; desktop_text_alignment=&#8221;default&#8221; tablet_text_alignment=&#8221;default&#8221; phone_text_alignment=&#8221;default&#8221; background_color_opacity=&#8221;1&#8243; background_hover_color_opacity=&#8221;1&#8243; column_backdrop_filter=&#8221;none&#8221; column_shadow=&#8221;none&#8221; column_border_radius=&#8221;none&#8221; column_link_target=&#8221;_self&#8221; column_position=&#8221;default&#8221; advanced_gradient_angle=&#8221;0&#8243; gradient_direction=&#8221;left_to_right&#8221; overlay_strength=&#8221;0.3&#8243; width=&#8221;1\/1&#8243; tablet_width_inherit=&#8221;default&#8221; animation_type=&#8221;default&#8221; bg_image_animation=&#8221;none&#8221; border_type=&#8221;simple&#8221; column_border_width=&#8221;none&#8221; column_border_style=&#8221;solid&#8221; gradient_type=&#8221;default&#8221;][vc_gallery css=&#8221;&#8221; type=&#8221;flexslider_style&#8221; images=&#8221;14058,14060,14056,14050,17399,17476,17490,17492,17472,17464,17468,17484,17456,17486,17466,17478,17480,17454,17460,17458&#8243; onclick=&#8221;link_no&#8221; img_size=&#8221;full&#8221;][\/vc_column][\/vc_row]<\/p>\n","protected":false},"excerpt":{"rendered":"<p>[vc_row type=&#8221;in_container&#8221; full_screen_row_position=&#8221;middle&#8221; column_margin=&#8221;default&#8221; column_direction=&#8221;default&#8221; column_direction_tablet=&#8221;default&#8221; column_direction_phone=&#8221;default&#8221; scene_position=&#8221;center&#8221; text_color=&#8221;dark&#8221; text_align=&#8221;center&#8221;  [&#8230;]<\/p>\n","protected":false},"author":1,"featured_media":0,"parent":0,"menu_order":0,"comment_status":"closed","ping_status":"closed","template":"","meta":{"inline_featured_image":false,"_price":"","_stock":"","_tribe_ticket_header":"","_tribe_default_ticket_provider":"","_ticket_start_date":"","_ticket_end_date":"","_tribe_ticket_show_description":"","_tribe_ticket_show_not_going":false,"_tribe_ticket_use_global_stock":"","_tribe_ticket_global_stock_level":"","_global_stock_mode":"","_global_stock_cap":"","_tribe_rsvp_for_event":"","_tribe_ticket_going_count":"","_tribe_ticket_not_going_count":"","_tribe_tickets_list":"[]","_tribe_ticket_has_attendee_info_fields":false,"footnotes":"","_tec_slr_enabled":"","_tec_slr_layout":""},"class_list":["post-12733","page","type-page","status-publish","hentry"],"ticketed":false,"_links":{"self":[{"href":"https:\/\/sbef.m4idev5.com\/es\/wp-json\/wp\/v2\/pages\/12733","targetHints":{"allow":["GET"]}}],"collection":[{"href":"https:\/\/sbef.m4idev5.com\/es\/wp-json\/wp\/v2\/pages"}],"about":[{"href":"https:\/\/sbef.m4idev5.com\/es\/wp-json\/wp\/v2\/types\/page"}],"author":[{"embeddable":true,"href":"https:\/\/sbef.m4idev5.com\/es\/wp-json\/wp\/v2\/users\/1"}],"replies":[{"embeddable":true,"href":"https:\/\/sbef.m4idev5.com\/es\/wp-json\/wp\/v2\/comments?post=12733"}],"version-history":[{"count":12,"href":"https:\/\/sbef.m4idev5.com\/es\/wp-json\/wp\/v2\/pages\/12733\/revisions"}],"predecessor-version":[{"id":18022,"href":"https:\/\/sbef.m4idev5.com\/es\/wp-json\/wp\/v2\/pages\/12733\/revisions\/18022"}],"wp:attachment":[{"href":"https:\/\/sbef.m4idev5.com\/es\/wp-json\/wp\/v2\/media?parent=12733"}],"curies":[{"name":"wp","href":"https:\/\/api.w.org\/{rel}","templated":true}]}}