{"id":12624,"date":"2021-11-19T20:01:41","date_gmt":"2021-11-19T20:01:41","guid":{"rendered":"https:\/\/sbefoundation.org\/about-sbef\/nuestras-escuelas\/"},"modified":"2021-11-19T20:01:44","modified_gmt":"2021-11-19T20:01:44","slug":"nuestras-escuelas","status":"publish","type":"page","link":"https:\/\/sbef.m4idev5.com\/es\/about-sbef\/nuestras-escuelas\/","title":{"rendered":"Nuestras Escuelas"},"content":{"rendered":"<p>[vc_row type=&#8221;full_width_background&#8221; full_screen_row_position=&#8221;middle&#8221; column_margin=&#8221;default&#8221; equal_height=&#8221;yes&#8221; content_placement=&#8221;middle&#8221; column_direction=&#8221;default&#8221; column_direction_tablet=&#8221;default&#8221; column_direction_phone=&#8221;default&#8221; bg_color=&#8221;#000000&#8243; bg_image=&#8221;7870&#8243; bg_position=&#8221;center center&#8221; bg_repeat=&#8221;no-repeat&#8221; scene_position=&#8221;center&#8221; top_padding=&#8221;4%&#8221; bottom_padding=&#8221;2%&#8221; text_color=&#8221;light&#8221; text_align=&#8221;center&#8221; row_border_radius=&#8221;none&#8221; row_border_radius_applies=&#8221;bg&#8221; enable_gradient=&#8221;true&#8221; color_overlay=&#8221;#000000&#8243; color_overlay_2=&#8221;rgba(2,2,2,0.5)&#8221; overlay_strength=&#8221;0.95&#8243; gradient_direction=&#8221;top_to_bottom&#8221; shape_divider_position=&#8221;bottom&#8221; bg_image_animation=&#8221;none&#8221; shape_type=&#8221;&#8221;][vc_column column_padding=&#8221;no-extra-padding&#8221; column_padding_tablet=&#8221;inherit&#8221; column_padding_phone=&#8221;inherit&#8221; column_padding_position=&#8221;all&#8221; background_color_opacity=&#8221;1&#8243; background_hover_color_opacity=&#8221;1&#8243; column_shadow=&#8221;none&#8221; column_border_radius=&#8221;none&#8221; column_link_target=&#8221;_self&#8221; gradient_direction=&#8221;left_to_right&#8221; overlay_strength=&#8221;0.3&#8243; width=&#8221;1\/1&#8243; tablet_width_inherit=&#8221;default&#8221; tablet_text_alignment=&#8221;default&#8221; phone_text_alignment=&#8221;default&#8221; column_border_width=&#8221;none&#8221; column_border_style=&#8221;solid&#8221; bg_image_animation=&#8221;none&#8221;][vc_row_inner column_margin=&#8221;default&#8221; column_direction=&#8221;default&#8221; column_direction_tablet=&#8221;default&#8221; column_direction_phone=&#8221;default&#8221; text_align=&#8221;left&#8221;][vc_column_inner column_padding=&#8221;no-extra-padding&#8221; column_padding_tablet=&#8221;inherit&#8221; column_padding_phone=&#8221;inherit&#8221; column_padding_position=&#8221;all&#8221; background_color_opacity=&#8221;1&#8243; background_hover_color_opacity=&#8221;1&#8243; column_shadow=&#8221;none&#8221; column_border_radius=&#8221;none&#8221; column_link_target=&#8221;_self&#8221; gradient_direction=&#8221;left_to_right&#8221; overlay_strength=&#8221;0.3&#8243; width=&#8221;1\/1&#8243; tablet_width_inherit=&#8221;default&#8221; column_border_width=&#8221;none&#8221; column_border_style=&#8221;solid&#8221; bg_image_animation=&#8221;none&#8221;][vc_column_text]<\/p>\n<h3>UN RESUMEN DE LA DEMOGRAF\u00cdA DEL DISTRITO ESCOLAR UNIFICADO DE SB Y LA FINANCIACI\u00d3N<\/h3>\n<p>[\/vc_column_text][\/vc_column_inner][\/vc_row_inner][vc_row_inner column_margin=&#8221;default&#8221; column_direction=&#8221;default&#8221; column_direction_tablet=&#8221;default&#8221; column_direction_phone=&#8221;default&#8221; text_align=&#8221;left&#8221;][vc_column_inner column_padding=&#8221;no-extra-padding&#8221; column_padding_tablet=&#8221;inherit&#8221; column_padding_phone=&#8221;inherit&#8221; column_padding_position=&#8221;all&#8221; background_color_opacity=&#8221;1&#8243; background_hover_color_opacity=&#8221;1&#8243; column_shadow=&#8221;none&#8221; column_border_radius=&#8221;none&#8221; column_link_target=&#8221;_self&#8221; gradient_direction=&#8221;left_to_right&#8221; overlay_strength=&#8221;0.3&#8243; width=&#8221;1\/3&#8243; tablet_width_inherit=&#8221;default&#8221; column_border_width=&#8221;none&#8221; column_border_style=&#8221;solid&#8221; bg_image_animation=&#8221;none&#8221;][nectar_icon icon_family=&#8221;fontawesome&#8221; icon_style=&#8221;default&#8221; icon_color_type=&#8221;color_scheme&#8221; icon_color=&#8221;white&#8221; icon_padding=&#8221;20px&#8221; icon_fontawesome=&#8221;fa fa-comments&#8221; icon_size=&#8221;60&#8243;][milestone heading_inherit=&#8221;default&#8221; symbol_position=&#8221;after&#8221; subject_padding=&#8221;0&#8243; color=&#8221;Default&#8221; effect=&#8221;count&#8221; symbol_alignment=&#8221;Default&#8221; milestone_alignment=&#8221;default&#8221; number=&#8221;15&#8243; symbol=&#8221;%&#8221; subject=&#8221;ESTUDIANTES MULTILING\u00dcES EMERGENTES&#8221;][vc_column_text]<strong>Estudiantes del Distrito Escolar Unificado SB que est\u00e1n aprendiendo ingl\u00e9s.<\/strong>[\/vc_column_text][\/vc_column_inner][vc_column_inner column_padding=&#8221;no-extra-padding&#8221; column_padding_tablet=&#8221;inherit&#8221; column_padding_phone=&#8221;inherit&#8221; column_padding_position=&#8221;all&#8221; background_color_opacity=&#8221;1&#8243; background_hover_color_opacity=&#8221;1&#8243; column_shadow=&#8221;none&#8221; column_border_radius=&#8221;none&#8221; column_link_target=&#8221;_self&#8221; gradient_direction=&#8221;left_to_right&#8221; overlay_strength=&#8221;0.3&#8243; width=&#8221;1\/3&#8243; tablet_width_inherit=&#8221;default&#8221; column_border_width=&#8221;none&#8221; column_border_style=&#8221;solid&#8221; bg_image_animation=&#8221;none&#8221;][nectar_icon icon_family=&#8221;fontawesome&#8221; icon_style=&#8221;default&#8221; icon_color_type=&#8221;color_scheme&#8221; icon_color=&#8221;white&#8221; icon_padding=&#8221;20px&#8221; icon_fontawesome=&#8221;fa fa-user&#8221;][milestone heading_inherit=&#8221;default&#8221; symbol_position=&#8221;after&#8221; subject_padding=&#8221;0&#8243; color=&#8221;Default&#8221; effect=&#8221;count&#8221; symbol_alignment=&#8221;Default&#8221; milestone_alignment=&#8221;default&#8221; number=&#8221;51&#8243; symbol=&#8221;%&#8221; subject=&#8221;ESTUDIANTES CON DESFAVORECIMIENTO  SOCIOECON\u00d3MICAMENTE&#8221;][vc_column_text]<strong> Estudiantes del SBSUD con desfavorecimiento socioecon\u00f3mico.<\/strong>[\/vc_column_text][\/vc_column_inner][vc_column_inner column_padding=&#8221;no-extra-padding&#8221; column_padding_tablet=&#8221;inherit&#8221; column_padding_phone=&#8221;inherit&#8221; column_padding_position=&#8221;all&#8221; background_color_opacity=&#8221;1&#8243; background_hover_color_opacity=&#8221;1&#8243; column_shadow=&#8221;none&#8221; column_border_radius=&#8221;none&#8221; column_link_target=&#8221;_self&#8221; gradient_direction=&#8221;left_to_right&#8221; overlay_strength=&#8221;0.3&#8243; width=&#8221;1\/3&#8243; tablet_width_inherit=&#8221;default&#8221; column_border_width=&#8221;none&#8221; column_border_style=&#8221;solid&#8221; bg_image_animation=&#8221;none&#8221;][nectar_icon icon_family=&#8221;fontawesome&#8221; icon_style=&#8221;default&#8221; icon_color_type=&#8221;color_scheme&#8221; icon_color=&#8221;white&#8221; icon_padding=&#8221;20px&#8221; icon_fontawesome=&#8221;fa fa-home&#8221;][milestone heading_inherit=&#8221;default&#8221; symbol_position=&#8221;after&#8221; subject_padding=&#8221;0&#8243; color=&#8221;Default&#8221; effect=&#8221;count&#8221; symbol_alignment=&#8221;Default&#8221; milestone_alignment=&#8221;default&#8221; number=&#8221;13&#8243; symbol=&#8221;%&#8221; subject=&#8221;ESTUDIANTES SIN HOGAR&#8221;][vc_column_text]<strong>Estudiantes del Distrito Escolar Unificado de SB que no tienen hogar o que viven en una situaci\u00f3n de vivienda inestable y con dificultades.<\/strong>[\/vc_column_text][vc_column_text]<\/p>\n<h6>La Ley McKinney-Vento define a menores de edad sin hogar como personas que carecen de una residencia nocturna fija, regular y adecuada. Para obtener una definici\u00f3n completa, visita el <a href=\"https:\/\/www.cde.ca.gov\/sp\/hs\/homelessdef.asp\" target=\"_blank\" rel=\"noopener\"> sitio web del Departamento de Educaci\u00f3n de California <\/a>. <\/h6>\n<p>[\/vc_column_text][\/vc_column_inner][\/vc_row_inner][\/vc_column][\/vc_row][vc_row type=&#8221;in_container&#8221; full_screen_row_position=&#8221;middle&#8221; column_margin=&#8221;default&#8221; column_direction=&#8221;default&#8221; column_direction_tablet=&#8221;default&#8221; column_direction_phone=&#8221;default&#8221; scene_position=&#8221;center&#8221; text_color=&#8221;dark&#8221; text_align=&#8221;center&#8221; row_border_radius=&#8221;none&#8221; row_border_radius_applies=&#8221;bg&#8221; overlay_strength=&#8221;0.3&#8243; gradient_direction=&#8221;left_to_right&#8221; shape_divider_position=&#8221;bottom&#8221; bg_image_animation=&#8221;none&#8221; shape_type=&#8221;&#8221;][vc_column column_padding=&#8221;no-extra-padding&#8221; column_padding_tablet=&#8221;inherit&#8221; column_padding_phone=&#8221;inherit&#8221; column_padding_position=&#8221;all&#8221; background_color_opacity=&#8221;1&#8243; background_hover_color_opacity=&#8221;1&#8243; column_shadow=&#8221;none&#8221; column_border_radius=&#8221;none&#8221; column_link_target=&#8221;_self&#8221; gradient_direction=&#8221;left_to_right&#8221; overlay_strength=&#8221;0.3&#8243; width=&#8221;1\/1&#8243; tablet_width_inherit=&#8221;default&#8221; tablet_text_alignment=&#8221;default&#8221; phone_text_alignment=&#8221;default&#8221; column_border_width=&#8221;none&#8221; column_border_style=&#8221;solid&#8221; bg_image_animation=&#8221;none&#8221;][divider line_type=&#8221;No Line&#8221; custom_height=&#8221;60&#8243;][\/vc_column][\/vc_row][vc_row type=&#8221;in_container&#8221; full_screen_row_position=&#8221;middle&#8221; column_margin=&#8221;default&#8221; column_direction=&#8221;default&#8221; column_direction_tablet=&#8221;default&#8221; column_direction_phone=&#8221;default&#8221; scene_position=&#8221;center&#8221; text_color=&#8221;dark&#8221; text_align=&#8221;left&#8221; row_border_radius=&#8221;none&#8221; row_border_radius_applies=&#8221;bg&#8221; overlay_strength=&#8221;0.3&#8243; gradient_direction=&#8221;left_to_right&#8221; shape_divider_position=&#8221;bottom&#8221; bg_image_animation=&#8221;none&#8221;][vc_column column_padding=&#8221;no-extra-padding&#8221; column_padding_tablet=&#8221;inherit&#8221; column_padding_phone=&#8221;inherit&#8221; column_padding_position=&#8221;all&#8221; background_color_opacity=&#8221;1&#8243; background_hover_color_opacity=&#8221;1&#8243; column_shadow=&#8221;none&#8221; column_border_radius=&#8221;none&#8221; column_link_target=&#8221;_self&#8221; gradient_direction=&#8221;left_to_right&#8221; overlay_strength=&#8221;0.3&#8243; width=&#8221;1\/1&#8243; tablet_width_inherit=&#8221;default&#8221; tablet_text_alignment=&#8221;default&#8221; phone_text_alignment=&#8221;default&#8221; column_border_width=&#8221;none&#8221; column_border_style=&#8221;solid&#8221; bg_image_animation=&#8221;none&#8221;][divider line_type=&#8221;No Line&#8221; custom_height=&#8221;60&#8243;][vc_custom_heading text=&#8221;\u00bfC\u00d3MO SE COMPARA CALIFORNIA?&#8221; font_container=&#8221;tag:h3|text_align:left&#8221;][vc_column_text]<strong>California educa aproximadamente a una octava parte de los estudiantes de Estados Unidos, entonces, \u00bfobtiene buenos resultados en comparaci\u00f3n con el resto de la naci\u00f3n?<\/strong>[\/vc_column_text][vc_row_inner column_margin=&#8221;default&#8221; column_direction=&#8221;default&#8221; column_direction_tablet=&#8221;default&#8221; column_direction_phone=&#8221;default&#8221; text_align=&#8221;left&#8221;][vc_column_inner column_padding=&#8221;no-extra-padding&#8221; column_padding_tablet=&#8221;inherit&#8221; column_padding_phone=&#8221;inherit&#8221; column_padding_position=&#8221;all&#8221; background_color_opacity=&#8221;1&#8243; background_hover_color_opacity=&#8221;1&#8243; column_shadow=&#8221;none&#8221; column_border_radius=&#8221;none&#8221; column_link_target=&#8221;_self&#8221; gradient_direction=&#8221;left_to_right&#8221; overlay_strength=&#8221;0.3&#8243; width=&#8221;2\/3&#8243; tablet_width_inherit=&#8221;default&#8221; column_border_width=&#8221;none&#8221; column_border_style=&#8221;solid&#8221; bg_image_animation=&#8221;none&#8221;][fancy-ul icon_type=&#8221;standard_dash&#8221; color=&#8221;Accent-Color&#8221; alignment=&#8221;left&#8221; spacing=&#8221;default&#8221;]<\/p>\n<ul>\n<li>\n<h4><strong>51\u00b0 a nivel nacional en proporci\u00f3n de estudiantes por maestrx<\/strong><\/h4>\n<\/li>\n<li>\n<h4><strong>51\u00b0 a nivel nacional en proporci\u00f3n de estudiantes por consejerx<\/strong><\/h4>\n<\/li>\n<li>\n<h4><strong>51\u00b0 a nivel nacional en proporci\u00f3n de estudiantes por bibliotecarix<\/strong><\/h4>\n<\/li>\n<li>\n<h4><strong>41\u00b0 en la naci\u00f3n en gasto por alumno cuando se ajusta por costo de vida<\/strong><\/h4>\n<\/li>\n<\/ul>\n<p>[\/fancy-ul][divider line_type=&#8221;No Line&#8221; custom_height=&#8221;60&#8243;][\/vc_column_inner][vc_column_inner column_padding=&#8221;no-extra-padding&#8221; column_padding_tablet=&#8221;inherit&#8221; column_padding_phone=&#8221;inherit&#8221; column_padding_position=&#8221;all&#8221; background_color_opacity=&#8221;1&#8243; background_hover_color_opacity=&#8221;1&#8243; column_shadow=&#8221;none&#8221; column_border_radius=&#8221;none&#8221; column_link_target=&#8221;_self&#8221; gradient_direction=&#8221;left_to_right&#8221; overlay_strength=&#8221;0.3&#8243; width=&#8221;1\/3&#8243; tablet_width_inherit=&#8221;default&#8221; column_border_width=&#8221;none&#8221; column_border_style=&#8221;solid&#8221; bg_image_animation=&#8221;none&#8221;][image_with_animation image_url=&#8221;9134&#8243; animation=&#8221;Fade In&#8221; hover_animation=&#8221;none&#8221; alignment=&#8221;&#8221; border_radius=&#8221;none&#8221; box_shadow=&#8221;none&#8221; image_loading=&#8221;default&#8221; max_width=&#8221;100%&#8221; max_width_mobile=&#8221;default&#8221;][\/vc_column_inner][\/vc_row_inner][\/vc_column][\/vc_row][vc_row type=&#8221;in_container&#8221; full_screen_row_position=&#8221;middle&#8221; column_margin=&#8221;default&#8221; column_direction=&#8221;default&#8221; column_direction_tablet=&#8221;default&#8221; column_direction_phone=&#8221;default&#8221; scene_position=&#8221;center&#8221; text_color=&#8221;dark&#8221; text_align=&#8221;left&#8221; row_border_radius=&#8221;none&#8221; row_border_radius_applies=&#8221;bg&#8221; color_overlay=&#8221;#ffc628&#8243; overlay_strength=&#8221;1&#8243; gradient_direction=&#8221;left_to_right&#8221; shape_divider_position=&#8221;bottom&#8221; bg_image_animation=&#8221;none&#8221; shape_type=&#8221;&#8221;][vc_column column_padding=&#8221;padding-7-percent&#8221; column_padding_tablet=&#8221;inherit&#8221; column_padding_phone=&#8221;inherit&#8221; column_padding_position=&#8221;top-left&#8221; centered_text=&#8221;true&#8221; background_color_opacity=&#8221;1&#8243; background_hover_color_opacity=&#8221;1&#8243; column_shadow=&#8221;none&#8221; column_border_radius=&#8221;none&#8221; column_link_target=&#8221;_self&#8221; gradient_direction=&#8221;left_to_right&#8221; overlay_strength=&#8221;0.3&#8243; width=&#8221;1\/6&#8243; tablet_width_inherit=&#8221;default&#8221; tablet_text_alignment=&#8221;default&#8221; phone_text_alignment=&#8221;default&#8221; column_border_width=&#8221;none&#8221; column_border_style=&#8221;solid&#8221; bg_image_animation=&#8221;none&#8221;][nectar_icon icon_family=&#8221;fontawesome&#8221; icon_style=&#8221;default&#8221; icon_color_type=&#8221;color_scheme&#8221; icon_color=&#8221;white&#8221; icon_padding=&#8221;0px&#8221; icon_size=&#8221;100&#8243; icon_fontawesome=&#8221;fa fa-exclamation-circle&#8221;][\/vc_column][vc_column column_padding=&#8221;no-extra-padding&#8221; column_padding_tablet=&#8221;inherit&#8221; column_padding_phone=&#8221;inherit&#8221; column_padding_position=&#8221;all&#8221; background_color_opacity=&#8221;1&#8243; background_hover_color_opacity=&#8221;1&#8243; column_shadow=&#8221;none&#8221; column_border_radius=&#8221;none&#8221; column_link_target=&#8221;_self&#8221; gradient_direction=&#8221;left_to_right&#8221; overlay_strength=&#8221;0.3&#8243; width=&#8221;5\/6&#8243; tablet_width_inherit=&#8221;default&#8221; tablet_text_alignment=&#8221;default&#8221; phone_text_alignment=&#8221;default&#8221; column_border_width=&#8221;none&#8221; column_border_style=&#8221;solid&#8221; bg_image_animation=&#8221;none&#8221;][divider line_type=&#8221;No Line&#8221; custom_height=&#8221;60&#8243;][vc_column_text]<\/p>\n<h4><\/h4>\n<h4 class=\"N-ZiCg direction-ltr align-start para-style-body\"><span style=\"color: #000000;\"><strong>Desde 1970, California ha aumentado la inversi\u00f3n en prisiones y encarcelamiento aproximadamente tres veces m\u00e1s de lo que ha aumentado la inversi\u00f3n en educaci\u00f3n.<\/strong><\/span><\/h4>\n<p>[\/vc_column_text][divider line_type=&#8221;No Line&#8221; custom_height=&#8221;60&#8243;][\/vc_column][\/vc_row][vc_row type=&#8221;in_container&#8221; full_screen_row_position=&#8221;middle&#8221; column_margin=&#8221;default&#8221; column_direction=&#8221;default&#8221; column_direction_tablet=&#8221;default&#8221; column_direction_phone=&#8221;default&#8221; scene_position=&#8221;center&#8221; text_color=&#8221;dark&#8221; text_align=&#8221;left&#8221; row_border_radius=&#8221;none&#8221; row_border_radius_applies=&#8221;bg&#8221; overlay_strength=&#8221;0.3&#8243; gradient_direction=&#8221;left_to_right&#8221; shape_divider_position=&#8221;bottom&#8221; bg_image_animation=&#8221;none&#8221;][vc_column column_padding=&#8221;no-extra-padding&#8221; column_padding_tablet=&#8221;inherit&#8221; column_padding_phone=&#8221;inherit&#8221; column_padding_position=&#8221;all&#8221; background_color_opacity=&#8221;1&#8243; background_hover_color_opacity=&#8221;1&#8243; column_shadow=&#8221;none&#8221; column_border_radius=&#8221;none&#8221; column_link_target=&#8221;_self&#8221; gradient_direction=&#8221;left_to_right&#8221; overlay_strength=&#8221;0.3&#8243; width=&#8221;1\/1&#8243; tablet_width_inherit=&#8221;default&#8221; tablet_text_alignment=&#8221;default&#8221; phone_text_alignment=&#8221;default&#8221; column_border_width=&#8221;none&#8221; column_border_style=&#8221;solid&#8221; bg_image_animation=&#8221;none&#8221;][vc_row_inner column_margin=&#8221;default&#8221; column_direction=&#8221;default&#8221; column_direction_tablet=&#8221;default&#8221; column_direction_phone=&#8221;default&#8221; text_align=&#8221;left&#8221;][vc_column_inner column_padding=&#8221;no-extra-padding&#8221; column_padding_tablet=&#8221;inherit&#8221; column_padding_phone=&#8221;inherit&#8221; column_padding_position=&#8221;all&#8221; background_color_opacity=&#8221;1&#8243; background_hover_color_opacity=&#8221;1&#8243; column_shadow=&#8221;none&#8221; column_border_radius=&#8221;none&#8221; column_link_target=&#8221;_self&#8221; gradient_direction=&#8221;left_to_right&#8221; overlay_strength=&#8221;0.3&#8243; width=&#8221;1\/1&#8243; tablet_width_inherit=&#8221;default&#8221; column_border_width=&#8221;none&#8221; column_border_style=&#8221;solid&#8221; bg_image_animation=&#8221;none&#8221;][divider line_type=&#8221;No Line&#8221; custom_height=&#8221;120&#8243;][vc_custom_heading text=&#8221;ESCUELAS DEL DISTRITO ESCOLAR UNIFICADO DE SANTA B\u00c1RBARA&#8221; font_container=&#8221;tag:h3|text_align:left&#8221;][divider line_type=&#8221;No Line&#8221; custom_height=&#8221;60&#8243;][vc_column_text]SBEF sirve a m\u00e1s de 13,200 estudiantes en el Distrito Escolar Unificado de Santa B\u00e1rbara. El distrito consta de 12 escuelas primarias dentro de la ciudad de Santa B\u00e1rbara y 9 escuelas secundarias y preparatorias en toda nuestra comunidad.<em>.<\/em>[\/vc_column_text][\/vc_column_inner][\/vc_row_inner][vc_row_inner column_margin=&#8221;default&#8221; column_direction=&#8221;default&#8221; column_direction_tablet=&#8221;default&#8221; column_direction_phone=&#8221;default&#8221; text_align=&#8221;left&#8221;][vc_column_inner column_padding=&#8221;no-extra-padding&#8221; column_padding_tablet=&#8221;inherit&#8221; column_padding_phone=&#8221;inherit&#8221; column_padding_position=&#8221;all&#8221; background_color_opacity=&#8221;1&#8243; background_hover_color_opacity=&#8221;1&#8243; column_shadow=&#8221;none&#8221; column_border_radius=&#8221;none&#8221; column_link_target=&#8221;_self&#8221; gradient_direction=&#8221;left_to_right&#8221; overlay_strength=&#8221;0.3&#8243; width=&#8221;1\/2&#8243; tablet_width_inherit=&#8221;default&#8221; column_border_width=&#8221;none&#8221; column_border_style=&#8221;solid&#8221; bg_image_animation=&#8221;none&#8221;][vc_column_text]<\/p>\n<h3><strong>Elementary Schools:<\/strong><\/h3>\n<div class=\"columns-wrapper\">\n<div class=\"two-columns\">\n<p><a href=\"https:\/\/adams.sbunified.org\/\" target=\"_blank\" rel=\"noopener noreferrer\">Adams Elementary School<\/a><\/p>\n<p><a href=\"http:\/\/www.adelantecharter.org\" target=\"_blank\" rel=\"noopener noreferrer\">Adelante Charter School<\/a><\/p>\n<p><a title=\"Cleveland\" href=\"https:\/\/cleveland.sbunified.org\/\" target=\"_blank\" rel=\"noopener noreferrer\">Cleveland Elementary School<\/a><\/p>\n<p><a href=\"https:\/\/franklin.sbunified.org\/\" target=\"_blank\" rel=\"noopener noreferrer\">Franklin Elementary School<\/a><\/p>\n<p><a href=\"https:\/\/harding.sbunified.org\/\" target=\"_blank\" rel=\"noopener noreferrer\">Harding University Partnership School<\/a><\/p>\n<p><a href=\"https:\/\/mckinley.sbunified.org\/\" target=\"_blank\" rel=\"noopener noreferrer\">McKinley Elementary School<\/a><\/p>\n<p><a href=\"https:\/\/monroe.sbunified.org\/\" target=\"_blank\" rel=\"noopener noreferrer\">Monroe Elementary School<\/a><\/p>\n<p><a href=\"https:\/\/www.peabodycharter.org\/\" target=\"_blank\" rel=\"noopener\" data-schema-attribute=\"\">Peabody Charter School<\/a><\/p>\n<p><a href=\"http:\/\/www.rooseveltschoolsb.org\" target=\"_blank\" rel=\"noopener noreferrer\">Roosevelt Elementary School<\/a><\/p>\n<p><a href=\"http:\/\/www.sbcharter.org\/\" target=\"_blank\" rel=\"noopener noreferrer\">Santa Barbara Charter School<\/a><\/p>\n<p><a href=\"https:\/\/sbca.sbunified.org\/\" target=\"_blank\" rel=\"noopener noreferrer\">Santa Barbara Community Academy<\/a><\/p>\n<p><a href=\"http:\/\/washingtonschool.us\/\" target=\"_blank\" rel=\"noopener noreferrer\">Washington Elementary School<\/a><\/p>\n<\/div>\n<\/div>\n<p>[\/vc_column_text][\/vc_column_inner][vc_column_inner column_padding=&#8221;no-extra-padding&#8221; column_padding_tablet=&#8221;inherit&#8221; column_padding_phone=&#8221;inherit&#8221; column_padding_position=&#8221;all&#8221; background_color_opacity=&#8221;1&#8243; background_hover_color_opacity=&#8221;1&#8243; column_shadow=&#8221;none&#8221; column_border_radius=&#8221;none&#8221; column_link_target=&#8221;_self&#8221; gradient_direction=&#8221;left_to_right&#8221; overlay_strength=&#8221;0.3&#8243; width=&#8221;1\/2&#8243; tablet_width_inherit=&#8221;default&#8221; column_border_width=&#8221;none&#8221; column_border_style=&#8221;solid&#8221; bg_image_animation=&#8221;none&#8221;][vc_column_text]<\/p>\n<div class=\"columns-wrapper\">\n<div class=\"two-columns\">\n<h3><strong>Junior High Schools:<\/strong><\/h3>\n<\/div>\n<div class=\"two-columns nomargin\">\n<p><a href=\"https:\/\/gvjh.sbunified.org\/\" target=\"_blank\" rel=\"noopener noreferrer\">Goleta Valley Junior High School<\/a><\/p>\n<p><a href=\"https:\/\/lacolina.sbunified.org\/\" target=\"_blank\" rel=\"noopener noreferrer\">La Colina Junior High School<\/a><\/p>\n<p><a href=\"https:\/\/lacumbre.sbunified.org\/\" target=\"_blank\" rel=\"noopener noreferrer\">La Cumbre Junior High School<\/a><\/p>\n<p><a href=\"https:\/\/sbjh.sbunified.org\/\" target=\"_blank\" rel=\"noopener noreferrer\">Santa Barbara Junior High School<\/a><\/p>\n<p>&nbsp;<\/p>\n<h3><strong>High Schools:<\/strong><\/h3>\n<p><a href=\"https:\/\/alted.sbunified.org\/\" target=\"_blank\" rel=\"noopener\">Alta Vista Alternative High School<\/a><\/p>\n<p><a href=\"https:\/\/dphs.sbunified.org\/\" target=\"_blank\" rel=\"noopener noreferrer\">Dos Pueblos High School<\/a><\/p>\n<p><a href=\"https:\/\/alted.sbunified.org\/\" target=\"_blank\" rel=\"noopener\">La Cuesta Continuation High School<\/a><\/p>\n<p><a href=\"https:\/\/sanmarcos.sbunified.org\/\" target=\"_blank\" rel=\"noopener noreferrer\">San Marcos High School<\/a><\/p>\n<p><a href=\"http:\/\/sbhs.sbunified.org\/\" target=\"_blank\" rel=\"noopener noreferrer\">Santa Barbara High School<\/a><\/p>\n<\/div>\n<\/div>\n<p>[\/vc_column_text][\/vc_column_inner][\/vc_row_inner][\/vc_column][\/vc_row]<\/p>\n","protected":false},"excerpt":{"rendered":"<p>[vc_row type=&#8221;full_width_background&#8221; full_screen_row_position=&#8221;middle&#8221; column_margin=&#8221;default&#8221; equal_height=&#8221;yes&#8221; content_placement=&#8221;middle&#8221; column_direction=&#8221;default&#8221; column_direction_tablet=&#8221;default&#8221; column_direction_phone=&#8221;default&#8221; bg_color=&#8221;#000000&#8243;  [&#8230;]<\/p>\n","protected":false},"author":1,"featured_media":0,"parent":12089,"menu_order":0,"comment_status":"open","ping_status":"open","template":"","meta":{"inline_featured_image":false,"_price":"","_stock":"","_tribe_ticket_header":"","_tribe_default_ticket_provider":"","_ticket_start_date":"","_ticket_end_date":"","_tribe_ticket_show_description":"","_tribe_ticket_show_not_going":false,"_tribe_ticket_use_global_stock":"","_tribe_ticket_global_stock_level":"","_global_stock_mode":"","_global_stock_cap":"","_tribe_rsvp_for_event":"","_tribe_ticket_going_count":"","_tribe_ticket_not_going_count":"","_tribe_tickets_list":"[]","_tribe_ticket_has_attendee_info_fields":false,"footnotes":"","_tec_slr_enabled":"","_tec_slr_layout":""},"class_list":["post-12624","page","type-page","status-publish","hentry"],"ticketed":false,"_links":{"self":[{"href":"https:\/\/sbef.m4idev5.com\/es\/wp-json\/wp\/v2\/pages\/12624","targetHints":{"allow":["GET"]}}],"collection":[{"href":"https:\/\/sbef.m4idev5.com\/es\/wp-json\/wp\/v2\/pages"}],"about":[{"href":"https:\/\/sbef.m4idev5.com\/es\/wp-json\/wp\/v2\/types\/page"}],"author":[{"embeddable":true,"href":"https:\/\/sbef.m4idev5.com\/es\/wp-json\/wp\/v2\/users\/1"}],"replies":[{"embeddable":true,"href":"https:\/\/sbef.m4idev5.com\/es\/wp-json\/wp\/v2\/comments?post=12624"}],"version-history":[{"count":0,"href":"https:\/\/sbef.m4idev5.com\/es\/wp-json\/wp\/v2\/pages\/12624\/revisions"}],"up":[{"embeddable":true,"href":"https:\/\/sbef.m4idev5.com\/es\/wp-json\/wp\/v2\/pages\/12089"}],"wp:attachment":[{"href":"https:\/\/sbef.m4idev5.com\/es\/wp-json\/wp\/v2\/media?parent=12624"}],"curies":[{"name":"wp","href":"https:\/\/api.w.org\/{rel}","templated":true}]}}