{"id":12621,"date":"2021-11-19T19:49:17","date_gmt":"2021-11-19T19:49:17","guid":{"rendered":"https:\/\/sbefoundation.org\/about-sbef\/preguntas-frecuentes\/"},"modified":"2021-11-19T19:49:17","modified_gmt":"2021-11-19T19:49:17","slug":"preguntas-frecuentes","status":"publish","type":"page","link":"https:\/\/sbef.m4idev5.com\/es\/about-sbef\/preguntas-frecuentes\/","title":{"rendered":"Preguntas Frecuentes"},"content":{"rendered":"<p>[vc_row type=&#8221;full_width_background&#8221; full_screen_row_position=&#8221;middle&#8221; bg_color=&#8221;#ffffff&#8221; scene_position=&#8221;center&#8221; text_color=&#8221;dark&#8221; text_align=&#8221;left&#8221; top_padding=&#8221;10&#8243; bottom_padding=&#8221;100&#8243; overlay_strength=&#8221;0.3&#8243; shape_divider_position=&#8221;bottom&#8221; shape_type=&#8221;&#8221;][vc_column column_padding=&#8221;no-extra-padding&#8221; column_padding_position=&#8221;all&#8221; background_color_opacity=&#8221;1&#8243; background_hover_color_opacity=&#8221;1&#8243; column_link_target=&#8221;_self&#8221; column_shadow=&#8221;none&#8221; column_border_radius=&#8221;none&#8221; width=&#8221;1\/6&#8243; tablet_width_inherit=&#8221;default&#8221; tablet_text_alignment=&#8221;default&#8221; phone_text_alignment=&#8221;default&#8221; column_border_width=&#8221;none&#8221; column_border_style=&#8221;solid&#8221;][\/vc_column][vc_column column_padding=&#8221;no-extra-padding&#8221; column_padding_position=&#8221;all&#8221; background_color_opacity=&#8221;1&#8243; background_hover_color_opacity=&#8221;1&#8243; column_link_target=&#8221;_self&#8221; column_shadow=&#8221;none&#8221; column_border_radius=&#8221;none&#8221; width=&#8221;2\/3&#8243; tablet_width_inherit=&#8221;default&#8221; tablet_text_alignment=&#8221;default&#8221; phone_text_alignment=&#8221;default&#8221; column_border_width=&#8221;none&#8221; column_border_style=&#8221;solid&#8221;][toggles style=&#8221;minimal&#8221;][toggle color=&#8221;Default&#8221; title=&#8221;P: \u00bfPor qu\u00e9 tenemos que recaudar d\u00f3lares del sector privado para la educaci\u00f3n de nuestros hijxs? \u00bfNo deber\u00edan pagarlo nuestros impuestos estatales?&#8221;][vc_column_text]R: Ha quedado muy claro, ahora m\u00e1s que nunca, que los fondos necesarios para apoyar la educaci\u00f3n en nuestras escuelas no estar\u00e1n disponibles a corto plazo, quiz\u00e1s no durante a\u00f1os. S\u00ed, debe pagarse con impuestos estatales. Pero, el hecho es que eso no est\u00e1 sucediendo. As\u00ed qu\u00e9, tenemos algunas opciones. Podemos ESPERAR hasta que el clima pol\u00edtico y financiero se vuelva m\u00e1s favorable, o podemos unirnos y hacer algo al respecto AHORA MISMO. Hemos elegido este \u00faltimo curso.[\/vc_column_text][\/toggle][toggle color=&#8221;Default&#8221; title=&#8221;P: \u00bfPor qu\u00e9 nuestras escuelas de Santa B\u00e1rbara necesitan fondos adicionales si nuestra \u00e1rea tiene algunas de las propiedades inmobiliarias de mayor precio en los EE. UU.?&#8221;][vc_column_text]R: El valor de las propiedades inmobiliarias en un distrito escolar en particular ya no tienen una relaci\u00f3n directa con el financiamiento escolar. Eso fue cambiado hace muchos a\u00f1os por el estado de California en un intento de &#8220;igualar&#8221; los fondos entre los distritos escolares. La falta de fondos para la educaci\u00f3n p\u00fablica a nivel estatal es un tema que preocupa cada vez m\u00e1s a la comunidad. Pero, hasta que haya una protesta p\u00fablica, escuchada por nuestros legisladores estatales, el financiamiento por estudiante para las escuelas en California continuar\u00e1 siendo inferior a nivel nacional.[\/vc_column_text][\/toggle][toggle color=&#8221;Default&#8221; title=&#8221;P: \u00bfSanta Barbara Education Foundation opera con una base financiera s\u00f3lida?&#8221;][vc_column_text]A: S\u00ed. Santa Barbara Education Foundation opera con un presupuesto equilibrado. Las copias de nuestros estados financieros y auditor\u00eda est\u00e1n abiertas al p\u00fablico y disponibles para posibles donantes que las soliciten.[\/vc_column_text][\/toggle][toggle color=&#8221;Default&#8221; title=&#8221;P: Si doy una donaci\u00f3n apropiada, \u00bfpuedo nombrar un fondo en honor a alguien?&#8221;][vc_column_text]R: Nos complacer\u00eda conversar contigo sobre c\u00f3mo una generosa donaci\u00f3n actual o una donaci\u00f3n futura a trav\u00e9s de tus planes patrimoniales puede crear un fondo con nombre en honor o memoria de una persona que sea tu ser querido.<\/p>\n<p>Si tienes alguna otra pregunta, ll\u00e1manos al (805) 284-9125 o env\u00edanos un correo electr\u00f3nico a  <a href=\"mailto:Ma****@*******************on.org\" data-original-string=\"wPjBD7y1NgeTOD+KM0\/dEw==8aeQVip3IlOwNrDualoDVP\/HNjXipmJ5koqOSDoiPPOe40sXMCmXQ0N5UhwnFStBn7r\" title=\"Este contacto ha sido codificado por Anti-Spam by CleanTalk. Haz clic para decodificar. Para finalizar la decodificaci\u00f3n, aseg\u00farate de que JavaScript est\u00e1 activado en tu navegador.\" target=\"_blank\" rel=\"noopener noreferrer\"><span \n                data-original-string='hNRM7TVqDdM4qe9PcCMTsA==8aeAAr7HMdWRgPSQBywmBA74CHAqyjq8JP2LpN7UG6Tqqqb\/Jcx2EwV2YAnpBhaKzvM'\n                class='apbct-email-encoder'\n                title='Este contacto ha sido codificado por Anti-Spam by CleanTalk. Haz clic para decodificar. Para finalizar la decodificaci\u00f3n, aseg\u00farate de que JavaScript est\u00e1 activado en tu navegador.'>Ma<span class=\"apbct-blur\">****<\/span>@<span class=\"apbct-blur\">*******************<\/span>on.org<\/span><\/a>[\/vc_column_text][\/toggle][\/toggles][\/vc_column][vc_column column_padding=&#8221;no-extra-padding&#8221; column_padding_position=&#8221;all&#8221; background_color_opacity=&#8221;1&#8243; background_hover_color_opacity=&#8221;1&#8243; column_link_target=&#8221;_self&#8221; column_shadow=&#8221;none&#8221; column_border_radius=&#8221;none&#8221; width=&#8221;1\/6&#8243; tablet_width_inherit=&#8221;default&#8221; tablet_text_alignment=&#8221;default&#8221; phone_text_alignment=&#8221;default&#8221; column_border_width=&#8221;none&#8221; column_border_style=&#8221;solid&#8221;][\/vc_column][\/vc_row]<\/p>\n","protected":false},"excerpt":{"rendered":"<p>[vc_row type=&#8221;full_width_background&#8221; full_screen_row_position=&#8221;middle&#8221; bg_color=&#8221;#ffffff&#8221; scene_position=&#8221;center&#8221; text_color=&#8221;dark&#8221; text_align=&#8221;left&#8221; top_padding=&#8221;10&#8243; bottom_padding=&#8221;100&#8243; overlay_strength=&#8221;0.3&#8243;  [&#8230;]<\/p>\n","protected":false},"author":1,"featured_media":0,"parent":12089,"menu_order":0,"comment_status":"open","ping_status":"open","template":"","meta":{"inline_featured_image":false,"_price":"","_stock":"","_tribe_ticket_header":"","_tribe_default_ticket_provider":"","_ticket_start_date":"","_ticket_end_date":"","_tribe_ticket_show_description":"","_tribe_ticket_show_not_going":false,"_tribe_ticket_use_global_stock":"","_tribe_ticket_global_stock_level":"","_global_stock_mode":"","_global_stock_cap":"","_tribe_rsvp_for_event":"","_tribe_ticket_going_count":"","_tribe_ticket_not_going_count":"","_tribe_tickets_list":"[]","_tribe_ticket_has_attendee_info_fields":false,"footnotes":"","_tec_slr_enabled":"","_tec_slr_layout":""},"class_list":["post-12621","page","type-page","status-publish","hentry"],"ticketed":false,"_links":{"self":[{"href":"https:\/\/sbef.m4idev5.com\/es\/wp-json\/wp\/v2\/pages\/12621","targetHints":{"allow":["GET"]}}],"collection":[{"href":"https:\/\/sbef.m4idev5.com\/es\/wp-json\/wp\/v2\/pages"}],"about":[{"href":"https:\/\/sbef.m4idev5.com\/es\/wp-json\/wp\/v2\/types\/page"}],"author":[{"embeddable":true,"href":"https:\/\/sbef.m4idev5.com\/es\/wp-json\/wp\/v2\/users\/1"}],"replies":[{"embeddable":true,"href":"https:\/\/sbef.m4idev5.com\/es\/wp-json\/wp\/v2\/comments?post=12621"}],"version-history":[{"count":0,"href":"https:\/\/sbef.m4idev5.com\/es\/wp-json\/wp\/v2\/pages\/12621\/revisions"}],"up":[{"embeddable":true,"href":"https:\/\/sbef.m4idev5.com\/es\/wp-json\/wp\/v2\/pages\/12089"}],"wp:attachment":[{"href":"https:\/\/sbef.m4idev5.com\/es\/wp-json\/wp\/v2\/media?parent=12621"}],"curies":[{"name":"wp","href":"https:\/\/api.w.org\/{rel}","templated":true}]}}